{"id":995,"date":"2013-06-11T23:32:49","date_gmt":"2013-06-11T23:32:49","guid":{"rendered":"https:\/\/hotel-porat.ba\/index.php\/homepage-3-2\/"},"modified":"2019-10-25T21:59:21","modified_gmt":"2019-10-25T21:59:21","slug":"homepage-3-2","status":"publish","type":"page","link":"https:\/\/hotel-porat.ba\/index.php\/homepage-3-2\/?lang=en","title":{"rendered":"Home"},"content":{"rendered":"\t\t<div data-elementor-type=\"wp-post\" data-elementor-id=\"995\" class=\"elementor elementor-995 elementor-257\">\n\t\t\t\t\t\t<section class=\"elementor-section elementor-top-section elementor-element elementor-element-5d11d5a elementor-section-boxed elementor-section-height-default elementor-section-height-default\" data-id=\"5d11d5a\" data-element_type=\"section\">\n\t\t\t\t\t\t<div class=\"elementor-container elementor-column-gap-default\">\n\t\t\t\t\t<div class=\"elementor-column elementor-col-100 elementor-top-column elementor-element elementor-element-bc809d\" data-id=\"bc809d\" data-element_type=\"column\">\n\t\t\t<div class=\"elementor-widget-wrap elementor-element-populated\">\n\t\t\t\t\t\t<div class=\"elementor-element elementor-element-4790686 elementor-widget elementor-widget-text-editor\" data-id=\"4790686\" data-element_type=\"widget\" data-widget_type=\"text-editor.default\">\n\t\t\t\t<div class=\"elementor-widget-container\">\n\t\t\t\t\t\t\t<p><div class=\"row\"><div class=\"twelve  columns\"><div class=\"slider-wrap\"><div id=\"home-slider\" class=\"bs flexslider\"><ul class=\"slides\"><li><a href=\"https:\/\/hotel-porat.ba\/index.php\/homepage-3-2\/?lang=en\"><img fetchpriority=\"high\" decoding=\"async\" width=\"1280\" height=\"440\" src=\"https:\/\/hotel-porat.ba\/wp-content\/uploads\/2019\/05\/porat-0-1280x440.jpg\" class=\"attachment-slider_full size-slider_full wp-post-image\" alt=\"\" \/><h3>Hotel PORAT Neum<\/h3><\/a><\/li><li><a href=\"https:\/\/hotel-porat.ba\/index.php\/homepage-3-2\/?lang=en\"><img decoding=\"async\" width=\"1200\" height=\"440\" src=\"https:\/\/hotel-porat.ba\/wp-content\/uploads\/2012\/07\/header_1-1200x440.jpg\" class=\"attachment-slider_full size-slider_full wp-post-image\" alt=\"\" \/><h3>Hotel PORAT Neum<\/h3><\/a><\/li><li><a href=\"https:\/\/hotel-porat.ba\/index.php\/homepage-3-2\/?lang=en\"><img decoding=\"async\" width=\"1200\" height=\"440\" src=\"https:\/\/hotel-porat.ba\/wp-content\/uploads\/2012\/07\/img-03-1200x440.jpg\" class=\"attachment-slider_full size-slider_full wp-post-image\" alt=\"\" \/><h3>Hotel PORAT Neum<\/h3><\/a><\/li><li><a href=\"https:\/\/hotel-porat.ba\/index.php\/homepage-3-2\/?lang=en\"><img loading=\"lazy\" decoding=\"async\" width=\"1200\" height=\"440\" src=\"https:\/\/hotel-porat.ba\/wp-content\/uploads\/2012\/07\/img-04-1200x440.jpg\" class=\"attachment-slider_full size-slider_full wp-post-image\" alt=\"\" \/><h3>Hotel PORAT Neum<\/h3><\/a><\/li><li><a href=\"https:\/\/hotel-porat.ba\/index.php\/homepage-3-2\/?lang=en\"><img loading=\"lazy\" decoding=\"async\" width=\"1200\" height=\"440\" src=\"https:\/\/hotel-porat.ba\/wp-content\/uploads\/2012\/07\/img-06-1200x440.jpg\" class=\"attachment-slider_full size-slider_full wp-post-image\" alt=\"\" \/><h3>Hotel PORAT Neum<\/h3><\/a><\/li><li><a href=\"https:\/\/hotel-porat.ba\/index.php\/homepage-3-2\/?lang=en\"><img loading=\"lazy\" decoding=\"async\" width=\"1200\" height=\"440\" src=\"https:\/\/hotel-porat.ba\/wp-content\/uploads\/2019\/05\/img-08-1200x440.jpg\" class=\"attachment-slider_full size-slider_full wp-post-image\" alt=\"\" \/><h3>Hotel PORAT Neum<\/h3><\/a><\/li><\/ul>\n\t\t<\/div><div class=\"main-separator after-hero\">\n\t\t\t<div class=\"home-slide-controls\">\n\t\t\t\t<a class=\"slide-prev\" href=\"\"><\/a>\n\t\t\t\t<a class=\"slide-next\" href=\"\"><\/a>\n\t\t\t<\/div>\n\t\t<\/div><\/div><\/div><div class=\"eight  columns\"><h3 class=\"ci-title\"><span>Welcome to Hotel PORAT!<\/span><\/h3><\/p><p>Porat Hotel was built on the waterfront of the Bay of Neum. In front of the property there is a shallow beach and a crystal clear beach, which also has beach equipment (deck chairs and parasols).<\/p><p>The hotel has rooms and apartments of high category, which are equipped with central air conditioning, LCD TV \/ sat, hairdryer, wireless internet throughout the property, and spacious balconies overlooking the sea.<\/p><p>The restaurant and its terraces lying on the coast surrounded by olive trees and various flower plantations invite you to enjoy the various delicacies of local and Mediterranean cuisine, supplied exclusively with eco products from the Neum gardens, and the daily rich offer of various fresh fish and shells of local fishermen, all of which are watered down. drops of various quality wines.<\/p><p>The hotel organizes excursions to well-known tourist centers, such as: Dubrovnik, Korcula, Ston, Mostar and Medjugorje and also offers transportation of passengers to \/ from Dubrovnik, Mostar and Split airports for an extra charge.<\/p><p>Hotel PORAT with its attentive staff and numerous facilities will gladly fulfill every wish, making your vacation unforgettable. The hotel is open year-round.<\/p><p>The morning is bathed in sunshine, the scents of Mediterranean plants, and the smell and noise of the sea &#8211; a dream come true at Hotel PORAT in Neum.<\/p><p style=\"text-align: right;\">The \u010culjak family<\/p><p><\/div><div class=\"four  columns\"><div class=\"widget bs entry-widget\"><figure><a href=\"https:\/\/hotel-porat.ba\/index.php\/smjestaj\/\"><img loading=\"lazy\" decoding=\"async\" width=\"740\" height=\"420\" src=\"https:\/\/hotel-porat.ba\/wp-content\/uploads\/2012\/07\/img-04-740x420.jpg\" class=\"attachment-gallery_thumb size-gallery_thumb wp-post-image\" alt=\"\" \/><\/a><\/figure><div class=\"content bg\"><h3 class=\"title\">Smje\u0161taj<\/h3><p>Hotel raspola\u017ee s moderno i udobno ure\u0111enim dvokrevetnim i trokrevetnim sobama, studio apartmanima i hotelskim apartmanom, od kojih je ve\u0107ina s pogledom na more i prekrasni zaljev Neum-Klek. Sve sobe <\/p><a class=\"read-more btn\" href=\"https:\/\/hotel-porat.ba\/index.php\/smjestaj\/\">Vi\u0161e&#8230;<\/a><\/div><\/div><\/div><span style=\"color: #7a7a7a;\"><div class=\"row\"><\/div><div class=\"twelve  columns\"><h3 class=\"ci-title\"><span>Photo galleries<\/span><\/h3><div class=\"row widget-ci-galleries\">\t\t\t<div class=\"four columns ci-gallery\">\n\t\t\t\t<div class=\"g-wrap bs\">\n\t\t\t\t\t<img loading=\"lazy\" decoding=\"async\" width=\"740\" height=\"420\" src=\"https:\/\/hotel-porat.ba\/wp-content\/uploads\/2021\/06\/porat-plaza-05-740x420.jpg\" class=\"attachment-gallery_thumb size-gallery_thumb wp-post-image\" alt=\"\" \/>\t\t\t\t\t<div class=\"mask\">\n\t\t\t\t\t\t<h3><a href=\"https:\/\/hotel-porat.ba\/index.php\/gallery\/plaza-1\/\">Pla\u017ea<\/a><\/h3>\n\t\t\t\t\t\t<p><\/p>\n\t\t\t\t\t\t<a class=\"read-more btn\" href=\"https:\/\/hotel-porat.ba\/index.php\/gallery\/plaza-1\/\">View Set<\/a>\n\t\t\t\t\t<\/div>\n\t\t\t\t<\/div>\n\t\t\t<\/div>\n\t\t\t\t\t<div class=\"four columns ci-gallery\">\n\t\t\t\t<div class=\"g-wrap bs\">\n\t\t\t\t\t<img loading=\"lazy\" decoding=\"async\" width=\"740\" height=\"420\" src=\"https:\/\/hotel-porat.ba\/wp-content\/uploads\/2019\/05\/restoran_porat_18-1-740x420.jpg\" class=\"attachment-gallery_thumb size-gallery_thumb wp-post-image\" alt=\"\" \/>\t\t\t\t\t<div class=\"mask\">\n\t\t\t\t\t\t<h3><a href=\"https:\/\/hotel-porat.ba\/index.php\/gallery\/restoran\/\">Restoran<\/a><\/h3>\n\t\t\t\t\t\t<p><\/p>\n\t\t\t\t\t\t<a class=\"read-more btn\" href=\"https:\/\/hotel-porat.ba\/index.php\/gallery\/restoran\/\">View Set<\/a>\n\t\t\t\t\t<\/div>\n\t\t\t\t<\/div>\n\t\t\t<\/div>\n\t\t\t\t\t<div class=\"four columns ci-gallery\">\n\t\t\t\t<div class=\"g-wrap bs\">\n\t\t\t\t\t<img loading=\"lazy\" decoding=\"async\" width=\"740\" height=\"420\" src=\"https:\/\/hotel-porat.ba\/wp-content\/uploads\/2019\/05\/smjestaj_18-740x420.jpg\" class=\"attachment-gallery_thumb size-gallery_thumb wp-post-image\" alt=\"\" \/>\t\t\t\t\t<div class=\"mask\">\n\t\t\t\t\t\t<h3><a href=\"https:\/\/hotel-porat.ba\/index.php\/gallery\/smjestaj\/\">Smje\u0161taj<\/a><\/h3>\n\t\t\t\t\t\t<p><\/p>\n\t\t\t\t\t\t<a class=\"read-more btn\" href=\"https:\/\/hotel-porat.ba\/index.php\/gallery\/smjestaj\/\">View Set<\/a>\n\t\t\t\t\t<\/div>\n\t\t\t\t<\/div>\n\t\t\t<\/div>\n\t\t<\/div><\/div><\/div><\/span><\/p>\t\t\t\t\t\t<\/div>\n\t\t\t\t<\/div>\n\t\t\t\t\t<\/div>\n\t\t<\/div>\n\t\t\t\t\t<\/div>\n\t\t<\/section>\n\t\t\t\t<\/div>\n\t\t","protected":false},"excerpt":{"rendered":"","protected":false},"author":1,"featured_media":0,"parent":0,"menu_order":0,"comment_status":"open","ping_status":"open","template":"template-shortcodes.php","meta":{"footnotes":""},"class_list":["post-995","page","type-page","status-publish","hentry"],"_links":{"self":[{"href":"https:\/\/hotel-porat.ba\/index.php\/wp-json\/wp\/v2\/pages\/995","targetHints":{"allow":["GET"]}}],"collection":[{"href":"https:\/\/hotel-porat.ba\/index.php\/wp-json\/wp\/v2\/pages"}],"about":[{"href":"https:\/\/hotel-porat.ba\/index.php\/wp-json\/wp\/v2\/types\/page"}],"author":[{"embeddable":true,"href":"https:\/\/hotel-porat.ba\/index.php\/wp-json\/wp\/v2\/users\/1"}],"replies":[{"embeddable":true,"href":"https:\/\/hotel-porat.ba\/index.php\/wp-json\/wp\/v2\/comments?post=995"}],"version-history":[{"count":6,"href":"https:\/\/hotel-porat.ba\/index.php\/wp-json\/wp\/v2\/pages\/995\/revisions"}],"predecessor-version":[{"id":1438,"href":"https:\/\/hotel-porat.ba\/index.php\/wp-json\/wp\/v2\/pages\/995\/revisions\/1438"}],"wp:attachment":[{"href":"https:\/\/hotel-porat.ba\/index.php\/wp-json\/wp\/v2\/media?parent=995"}],"curies":[{"name":"wp","href":"https:\/\/api.w.org\/{rel}","templated":true}]}}