{"id":875,"date":"2019-05-18T23:21:29","date_gmt":"2019-05-18T23:21:29","guid":{"rendered":"http:\/\/hotel-porat.ba\/?page_id=875"},"modified":"2021-06-02T23:00:43","modified_gmt":"2021-06-02T23:00:43","slug":"plaza","status":"publish","type":"page","link":"https:\/\/hotel-porat.ba\/index.php\/plaza\/","title":{"rendered":"Pla\u017ea"},"content":{"rendered":"\t\t<div data-elementor-type=\"wp-post\" data-elementor-id=\"875\" class=\"elementor elementor-875\">\n\t\t\t\t\t\t<section class=\"elementor-section elementor-top-section elementor-element elementor-element-d8fb51d elementor-section-boxed elementor-section-height-default elementor-section-height-default\" data-id=\"d8fb51d\" data-element_type=\"section\">\n\t\t\t\t\t\t<div class=\"elementor-container elementor-column-gap-default\">\n\t\t\t\t\t<div class=\"elementor-column elementor-col-100 elementor-top-column elementor-element elementor-element-301313dc\" data-id=\"301313dc\" data-element_type=\"column\">\n\t\t\t<div class=\"elementor-widget-wrap elementor-element-populated\">\n\t\t\t\t\t\t<div class=\"elementor-element elementor-element-11553332 elementor-widget elementor-widget-text-editor\" data-id=\"11553332\" data-element_type=\"widget\" data-widget_type=\"text-editor.default\">\n\t\t\t\t<div class=\"elementor-widget-container\">\n\t\t\t\t\t\t\t<p class=\"excerpt\">Razli\u010dite su aktivnosti kojima se mo\u017eete baviti za vrijeme odmora u Neumu: kupanje, \u0161etnje, vo\u017enja biciklom, wellness, dobra hrana i izleti &#8211; Neum nudi pone\u0161to za svakoga.<\/p><blockquote class=\"alignleft six columns alpha\"><p>Neumske pla\u017ee krasi toplo i kristalno \u010disto more, koje vas mami da zaronite i osjetite osvje\u017eenje koje pru\u017ea, posebno za vrijeme glavne sezone od po\u010detka lipnja do konca rujna.<\/p><\/blockquote><p>Gosti \u017eeljni odmora mogu se smjestiti na udobne le\u017ealjke u hladovini suncobrana ili hladovini borova, a gosti \u017eeljni aktivnog odmora mogu na pla\u017eama unajmiti sandoline, pedaline, kajak ili jet-ski, te u njima obilaziti, istra\u017eivati i u\u017eivati u ljepotama zaljeva Neum-Klek. Vo\u017enja biciklom neumskim \u0161etnicama uz more je zaista poseban do\u017eivljaj. Odmoriti se mo\u017eete u \u201ezelenilu i kamenu\u201c autenti\u010dnih hercegova\u010dkih sela u zale\u0111u Neuma, te u\u017eivati u autohtonim gastronomskim specijalitetima i ispuniti svoj odmor branjem maslina, gro\u017e\u0111a, \u0161paroga ili pak \u0161etnjom, biciklizmom ili planinarenjem.<\/p><p>Me\u0111u ostalim aktivnostima mo\u017eete posjetiti neki od 7 za\u0161ti\u0107enih spomenika kulture, na podru\u010dju op\u0107ine Neum, i do\u017eivjeti da\u0161ak pro\u0161losti.<br \/>Polo\u017eaj Neuma na raskri\u017eju putova i blizina poznatih turisti\u010dkih destiacija, stvara dodatni motiv da Va\u0161 boravak upotpunite zanimljivim sadr\u017eajima i stoga Vam preporu\u010dujemo posjet prekrasnom gradu Dubrovniku (66 km), Stonu (20km), Kor\u010duli (90km), svjetski poznatom marijanskom sveti\u0161tu Me\u0111ugorje (52 km), vodopadu Kravice (49km), parku prirode Hutovo blato (39km), gradu Mostaru (75km)\u2026<\/p><div id='gallery-1' class='gallery galleryid-875 gallery-columns-3 gallery-size-thumbnail'><figure class='gallery-item'>\n\t\t\t<div class='gallery-icon landscape'>\n\t\t\t\t<a href='https:\/\/hotel-porat.ba\/wp-content\/uploads\/2021\/06\/porat-plaza-02.jpg'><img decoding=\"async\" width=\"150\" height=\"150\" src=\"https:\/\/hotel-porat.ba\/wp-content\/uploads\/2021\/06\/porat-plaza-02-150x150.jpg\" class=\"attachment-thumbnail size-thumbnail\" alt=\"\" srcset=\"https:\/\/hotel-porat.ba\/wp-content\/uploads\/2021\/06\/porat-plaza-02-150x150.jpg 150w, https:\/\/hotel-porat.ba\/wp-content\/uploads\/2021\/06\/porat-plaza-02-100x100.jpg 100w\" sizes=\"(max-width: 150px) 100vw, 150px\" \/><\/a>\n\t\t\t<\/div><\/figure><figure class='gallery-item'>\n\t\t\t<div class='gallery-icon landscape'>\n\t\t\t\t<a href='https:\/\/hotel-porat.ba\/wp-content\/uploads\/2021\/06\/porat-plaza-04.jpg'><img decoding=\"async\" width=\"150\" height=\"150\" src=\"https:\/\/hotel-porat.ba\/wp-content\/uploads\/2021\/06\/porat-plaza-04-150x150.jpg\" class=\"attachment-thumbnail size-thumbnail\" alt=\"\" srcset=\"https:\/\/hotel-porat.ba\/wp-content\/uploads\/2021\/06\/porat-plaza-04-150x150.jpg 150w, https:\/\/hotel-porat.ba\/wp-content\/uploads\/2021\/06\/porat-plaza-04-100x100.jpg 100w\" sizes=\"(max-width: 150px) 100vw, 150px\" \/><\/a>\n\t\t\t<\/div><\/figure><figure class='gallery-item'>\n\t\t\t<div class='gallery-icon landscape'>\n\t\t\t\t<a href='https:\/\/hotel-porat.ba\/wp-content\/uploads\/2019\/05\/plaza_porat_12.jpg'><img decoding=\"async\" width=\"150\" height=\"150\" src=\"https:\/\/hotel-porat.ba\/wp-content\/uploads\/2019\/05\/plaza_porat_12-150x150.jpg\" class=\"attachment-thumbnail size-thumbnail\" alt=\"\" srcset=\"https:\/\/hotel-porat.ba\/wp-content\/uploads\/2019\/05\/plaza_porat_12-150x150.jpg 150w, https:\/\/hotel-porat.ba\/wp-content\/uploads\/2019\/05\/plaza_porat_12-100x100.jpg 100w\" sizes=\"(max-width: 150px) 100vw, 150px\" \/><\/a>\n\t\t\t<\/div><\/figure><figure class='gallery-item'>\n\t\t\t<div class='gallery-icon landscape'>\n\t\t\t\t<a href='https:\/\/hotel-porat.ba\/wp-content\/uploads\/2021\/06\/porat-plaza-06.jpg'><img loading=\"lazy\" decoding=\"async\" width=\"150\" height=\"150\" src=\"https:\/\/hotel-porat.ba\/wp-content\/uploads\/2021\/06\/porat-plaza-06-150x150.jpg\" class=\"attachment-thumbnail size-thumbnail\" alt=\"\" srcset=\"https:\/\/hotel-porat.ba\/wp-content\/uploads\/2021\/06\/porat-plaza-06-150x150.jpg 150w, https:\/\/hotel-porat.ba\/wp-content\/uploads\/2021\/06\/porat-plaza-06-100x100.jpg 100w\" sizes=\"(max-width: 150px) 100vw, 150px\" \/><\/a>\n\t\t\t<\/div><\/figure><figure class='gallery-item'>\n\t\t\t<div class='gallery-icon landscape'>\n\t\t\t\t<a href='https:\/\/hotel-porat.ba\/wp-content\/uploads\/2021\/06\/porat-plaza-03.jpg'><img loading=\"lazy\" decoding=\"async\" width=\"150\" height=\"150\" src=\"https:\/\/hotel-porat.ba\/wp-content\/uploads\/2021\/06\/porat-plaza-03-150x150.jpg\" class=\"attachment-thumbnail size-thumbnail\" alt=\"\" srcset=\"https:\/\/hotel-porat.ba\/wp-content\/uploads\/2021\/06\/porat-plaza-03-150x150.jpg 150w, https:\/\/hotel-porat.ba\/wp-content\/uploads\/2021\/06\/porat-plaza-03-100x100.jpg 100w\" sizes=\"(max-width: 150px) 100vw, 150px\" \/><\/a>\n\t\t\t<\/div><\/figure><figure class='gallery-item'>\n\t\t\t<div class='gallery-icon landscape'>\n\t\t\t\t<a href='https:\/\/hotel-porat.ba\/wp-content\/uploads\/2019\/05\/plaza_porat_11.jpg'><img loading=\"lazy\" decoding=\"async\" width=\"150\" height=\"150\" src=\"https:\/\/hotel-porat.ba\/wp-content\/uploads\/2019\/05\/plaza_porat_11-150x150.jpg\" class=\"attachment-thumbnail size-thumbnail\" alt=\"\" srcset=\"https:\/\/hotel-porat.ba\/wp-content\/uploads\/2019\/05\/plaza_porat_11-150x150.jpg 150w, https:\/\/hotel-porat.ba\/wp-content\/uploads\/2019\/05\/plaza_porat_11-100x100.jpg 100w\" sizes=\"(max-width: 150px) 100vw, 150px\" \/><\/a>\n\t\t\t<\/div><\/figure><figure class='gallery-item'>\n\t\t\t<div class='gallery-icon landscape'>\n\t\t\t\t<a href='https:\/\/hotel-porat.ba\/wp-content\/uploads\/2021\/06\/porat-plaza-01.jpg'><img loading=\"lazy\" decoding=\"async\" width=\"150\" height=\"150\" src=\"https:\/\/hotel-porat.ba\/wp-content\/uploads\/2021\/06\/porat-plaza-01-150x150.jpg\" class=\"attachment-thumbnail size-thumbnail\" alt=\"\" srcset=\"https:\/\/hotel-porat.ba\/wp-content\/uploads\/2021\/06\/porat-plaza-01-150x150.jpg 150w, https:\/\/hotel-porat.ba\/wp-content\/uploads\/2021\/06\/porat-plaza-01-100x100.jpg 100w\" sizes=\"(max-width: 150px) 100vw, 150px\" \/><\/a>\n\t\t\t<\/div><\/figure><figure class='gallery-item'>\n\t\t\t<div class='gallery-icon portrait'>\n\t\t\t\t<a href='https:\/\/hotel-porat.ba\/wp-content\/uploads\/2019\/05\/plaza_porat_10.jpg'><img loading=\"lazy\" decoding=\"async\" width=\"150\" height=\"150\" src=\"https:\/\/hotel-porat.ba\/wp-content\/uploads\/2019\/05\/plaza_porat_10-150x150.jpg\" class=\"attachment-thumbnail size-thumbnail\" alt=\"\" srcset=\"https:\/\/hotel-porat.ba\/wp-content\/uploads\/2019\/05\/plaza_porat_10-150x150.jpg 150w, https:\/\/hotel-porat.ba\/wp-content\/uploads\/2019\/05\/plaza_porat_10-100x100.jpg 100w\" sizes=\"(max-width: 150px) 100vw, 150px\" \/><\/a>\n\t\t\t<\/div><\/figure><figure class='gallery-item'>\n\t\t\t<div class='gallery-icon portrait'>\n\t\t\t\t<a href='https:\/\/hotel-porat.ba\/wp-content\/uploads\/2019\/05\/plaza_porat_09.jpg'><img loading=\"lazy\" decoding=\"async\" width=\"150\" height=\"150\" src=\"https:\/\/hotel-porat.ba\/wp-content\/uploads\/2019\/05\/plaza_porat_09-150x150.jpg\" class=\"attachment-thumbnail size-thumbnail\" alt=\"\" srcset=\"https:\/\/hotel-porat.ba\/wp-content\/uploads\/2019\/05\/plaza_porat_09-150x150.jpg 150w, https:\/\/hotel-porat.ba\/wp-content\/uploads\/2019\/05\/plaza_porat_09-100x100.jpg 100w\" sizes=\"(max-width: 150px) 100vw, 150px\" \/><\/a>\n\t\t\t<\/div><\/figure><figure class='gallery-item'>\n\t\t\t<div class='gallery-icon landscape'>\n\t\t\t\t<a href='https:\/\/hotel-porat.ba\/wp-content\/uploads\/2021\/06\/porat-plaza-05.jpg'><img loading=\"lazy\" decoding=\"async\" width=\"150\" height=\"150\" src=\"https:\/\/hotel-porat.ba\/wp-content\/uploads\/2021\/06\/porat-plaza-05-150x150.jpg\" class=\"attachment-thumbnail size-thumbnail\" alt=\"\" srcset=\"https:\/\/hotel-porat.ba\/wp-content\/uploads\/2021\/06\/porat-plaza-05-150x150.jpg 150w, https:\/\/hotel-porat.ba\/wp-content\/uploads\/2021\/06\/porat-plaza-05-100x100.jpg 100w\" sizes=\"(max-width: 150px) 100vw, 150px\" \/><\/a>\n\t\t\t<\/div><\/figure><figure class='gallery-item'>\n\t\t\t<div class='gallery-icon landscape'>\n\t\t\t\t<a href='https:\/\/hotel-porat.ba\/wp-content\/uploads\/2019\/05\/plaza_porat_08.jpg'><img loading=\"lazy\" decoding=\"async\" width=\"150\" height=\"150\" src=\"https:\/\/hotel-porat.ba\/wp-content\/uploads\/2019\/05\/plaza_porat_08-150x150.jpg\" class=\"attachment-thumbnail size-thumbnail\" alt=\"\" srcset=\"https:\/\/hotel-porat.ba\/wp-content\/uploads\/2019\/05\/plaza_porat_08-150x150.jpg 150w, https:\/\/hotel-porat.ba\/wp-content\/uploads\/2019\/05\/plaza_porat_08-100x100.jpg 100w\" sizes=\"(max-width: 150px) 100vw, 150px\" \/><\/a>\n\t\t\t<\/div><\/figure><figure class='gallery-item'>\n\t\t\t<div class='gallery-icon landscape'>\n\t\t\t\t<a href='https:\/\/hotel-porat.ba\/wp-content\/uploads\/2019\/05\/plaza_porat_07.jpg'><img loading=\"lazy\" decoding=\"async\" width=\"150\" height=\"150\" src=\"https:\/\/hotel-porat.ba\/wp-content\/uploads\/2019\/05\/plaza_porat_07-150x150.jpg\" class=\"attachment-thumbnail size-thumbnail\" alt=\"\" srcset=\"https:\/\/hotel-porat.ba\/wp-content\/uploads\/2019\/05\/plaza_porat_07-150x150.jpg 150w, https:\/\/hotel-porat.ba\/wp-content\/uploads\/2019\/05\/plaza_porat_07-100x100.jpg 100w\" sizes=\"(max-width: 150px) 100vw, 150px\" \/><\/a>\n\t\t\t<\/div><\/figure><figure class='gallery-item'>\n\t\t\t<div class='gallery-icon landscape'>\n\t\t\t\t<a href='https:\/\/hotel-porat.ba\/wp-content\/uploads\/2019\/05\/plaza_porat_06.jpg'><img loading=\"lazy\" decoding=\"async\" width=\"150\" height=\"150\" src=\"https:\/\/hotel-porat.ba\/wp-content\/uploads\/2019\/05\/plaza_porat_06-150x150.jpg\" class=\"attachment-thumbnail size-thumbnail\" alt=\"\" srcset=\"https:\/\/hotel-porat.ba\/wp-content\/uploads\/2019\/05\/plaza_porat_06-150x150.jpg 150w, https:\/\/hotel-porat.ba\/wp-content\/uploads\/2019\/05\/plaza_porat_06-100x100.jpg 100w\" sizes=\"(max-width: 150px) 100vw, 150px\" \/><\/a>\n\t\t\t<\/div><\/figure><figure class='gallery-item'>\n\t\t\t<div class='gallery-icon portrait'>\n\t\t\t\t<a href='https:\/\/hotel-porat.ba\/wp-content\/uploads\/2019\/05\/plaza_porat_05.jpg'><img loading=\"lazy\" decoding=\"async\" width=\"150\" height=\"150\" src=\"https:\/\/hotel-porat.ba\/wp-content\/uploads\/2019\/05\/plaza_porat_05-150x150.jpg\" class=\"attachment-thumbnail size-thumbnail\" alt=\"\" srcset=\"https:\/\/hotel-porat.ba\/wp-content\/uploads\/2019\/05\/plaza_porat_05-150x150.jpg 150w, https:\/\/hotel-porat.ba\/wp-content\/uploads\/2019\/05\/plaza_porat_05-100x100.jpg 100w\" sizes=\"(max-width: 150px) 100vw, 150px\" \/><\/a>\n\t\t\t<\/div><\/figure><figure class='gallery-item'>\n\t\t\t<div class='gallery-icon landscape'>\n\t\t\t\t<a href='https:\/\/hotel-porat.ba\/wp-content\/uploads\/2019\/05\/plaza_porat_04.jpg'><img loading=\"lazy\" decoding=\"async\" width=\"150\" height=\"150\" src=\"https:\/\/hotel-porat.ba\/wp-content\/uploads\/2019\/05\/plaza_porat_04-150x150.jpg\" class=\"attachment-thumbnail size-thumbnail\" alt=\"\" srcset=\"https:\/\/hotel-porat.ba\/wp-content\/uploads\/2019\/05\/plaza_porat_04-150x150.jpg 150w, https:\/\/hotel-porat.ba\/wp-content\/uploads\/2019\/05\/plaza_porat_04-100x100.jpg 100w\" sizes=\"(max-width: 150px) 100vw, 150px\" \/><\/a>\n\t\t\t<\/div><\/figure><figure class='gallery-item'>\n\t\t\t<div class='gallery-icon landscape'>\n\t\t\t\t<a href='https:\/\/hotel-porat.ba\/wp-content\/uploads\/2019\/05\/plaza_porat_03.jpg'><img loading=\"lazy\" decoding=\"async\" width=\"150\" height=\"150\" src=\"https:\/\/hotel-porat.ba\/wp-content\/uploads\/2019\/05\/plaza_porat_03-150x150.jpg\" class=\"attachment-thumbnail size-thumbnail\" alt=\"\" srcset=\"https:\/\/hotel-porat.ba\/wp-content\/uploads\/2019\/05\/plaza_porat_03-150x150.jpg 150w, https:\/\/hotel-porat.ba\/wp-content\/uploads\/2019\/05\/plaza_porat_03-100x100.jpg 100w\" sizes=\"(max-width: 150px) 100vw, 150px\" \/><\/a>\n\t\t\t<\/div><\/figure><figure class='gallery-item'>\n\t\t\t<div class='gallery-icon portrait'>\n\t\t\t\t<a href='https:\/\/hotel-porat.ba\/wp-content\/uploads\/2019\/05\/plaza_porat_02.jpg'><img loading=\"lazy\" decoding=\"async\" width=\"150\" height=\"150\" src=\"https:\/\/hotel-porat.ba\/wp-content\/uploads\/2019\/05\/plaza_porat_02-150x150.jpg\" class=\"attachment-thumbnail size-thumbnail\" alt=\"\" srcset=\"https:\/\/hotel-porat.ba\/wp-content\/uploads\/2019\/05\/plaza_porat_02-150x150.jpg 150w, https:\/\/hotel-porat.ba\/wp-content\/uploads\/2019\/05\/plaza_porat_02-100x100.jpg 100w\" sizes=\"(max-width: 150px) 100vw, 150px\" \/><\/a>\n\t\t\t<\/div><\/figure><figure class='gallery-item'>\n\t\t\t<div class='gallery-icon landscape'>\n\t\t\t\t<a href='https:\/\/hotel-porat.ba\/wp-content\/uploads\/2019\/05\/plaza_porat_01.jpg'><img loading=\"lazy\" decoding=\"async\" width=\"150\" height=\"150\" src=\"https:\/\/hotel-porat.ba\/wp-content\/uploads\/2019\/05\/plaza_porat_01-150x150.jpg\" class=\"attachment-thumbnail size-thumbnail\" alt=\"\" srcset=\"https:\/\/hotel-porat.ba\/wp-content\/uploads\/2019\/05\/plaza_porat_01-150x150.jpg 150w, https:\/\/hotel-porat.ba\/wp-content\/uploads\/2019\/05\/plaza_porat_01-100x100.jpg 100w\" sizes=\"(max-width: 150px) 100vw, 150px\" \/><\/a>\n\t\t\t<\/div><\/figure>\n\t\t<\/div>\n\t\t\t\t\t\t<\/div>\n\t\t\t\t<\/div>\n\t\t\t\t\t<\/div>\n\t\t<\/div>\n\t\t\t\t\t<\/div>\n\t\t<\/section>\n\t\t\t\t<\/div>\n\t\t","protected":false},"excerpt":{"rendered":"<p>Razli\u010dite su aktivnosti kojima se mo\u017eete baviti za vrijeme odmora u Neumu: kupanje, \u0161etnje, vo\u017enja biciklom, wellness, dobra hrana i izleti &#8211; Neum nudi pone\u0161to za svakoga. Neumske pla\u017ee krasi toplo i kristalno \u010disto more, koje vas mami da zaronite i osjetite osvje\u017eenje koje pru\u017ea, posebno za vrijeme glavne sezone[&#8230;]<\/p>\n","protected":false},"author":1,"featured_media":767,"parent":0,"menu_order":0,"comment_status":"closed","ping_status":"closed","template":"","meta":{"footnotes":""},"class_list":["post-875","page","type-page","status-publish","has-post-thumbnail","hentry"],"_links":{"self":[{"href":"https:\/\/hotel-porat.ba\/index.php\/wp-json\/wp\/v2\/pages\/875","targetHints":{"allow":["GET"]}}],"collection":[{"href":"https:\/\/hotel-porat.ba\/index.php\/wp-json\/wp\/v2\/pages"}],"about":[{"href":"https:\/\/hotel-porat.ba\/index.php\/wp-json\/wp\/v2\/types\/page"}],"author":[{"embeddable":true,"href":"https:\/\/hotel-porat.ba\/index.php\/wp-json\/wp\/v2\/users\/1"}],"replies":[{"embeddable":true,"href":"https:\/\/hotel-porat.ba\/index.php\/wp-json\/wp\/v2\/comments?post=875"}],"version-history":[{"count":8,"href":"https:\/\/hotel-porat.ba\/index.php\/wp-json\/wp\/v2\/pages\/875\/revisions"}],"predecessor-version":[{"id":2068,"href":"https:\/\/hotel-porat.ba\/index.php\/wp-json\/wp\/v2\/pages\/875\/revisions\/2068"}],"wp:featuredmedia":[{"embeddable":true,"href":"https:\/\/hotel-porat.ba\/index.php\/wp-json\/wp\/v2\/media\/767"}],"wp:attachment":[{"href":"https:\/\/hotel-porat.ba\/index.php\/wp-json\/wp\/v2\/media?parent=875"}],"curies":[{"name":"wp","href":"https:\/\/api.w.org\/{rel}","templated":true}]}}