{"id":667,"date":"2019-05-18T18:17:10","date_gmt":"2019-05-18T18:17:10","guid":{"rendered":"http:\/\/hotel-porat.ba\/?page_id=667"},"modified":"2019-10-24T19:31:22","modified_gmt":"2019-10-24T19:31:22","slug":"smjestaj","status":"publish","type":"page","link":"https:\/\/hotel-porat.ba\/index.php\/smjestaj\/","title":{"rendered":"Smje\u0161taj"},"content":{"rendered":"<p class=\"excerpt\">Hotel raspola\u017ee s moderno i udobno ure\u0111enim dvokrevetnim i trokrevetnim sobama, studio apartmanima i hotelskim apartmanom, od kojih je ve\u0107ina s pogledom na more i prekrasni zaljev Neum-Klek. Sve sobe i apartmani su opremljeni sa: SAT TV, telefonom, internetom, klimom, mini kuhinjom ili mini barom, balkonom\u2026<\/p>\n<blockquote class=\"alignleft six columns alpha\"><p>Jutro okupano sun\u010danim zrakama, mirisi mediteranskog bilja, te miris i \u0161um mora \u2013 san je koji se ostvaruje u hotelu PORAT u Neumu.<\/p><\/blockquote>\n<p>U sklopu, u potpunosti klimatiziranog, hotela na raspolaganju Vam je: smje\u0161taj u luksuzno opremljenim apartmanima, studio apartmanima i sobama, te hotelski restoran, caffe bar i ljetna terasa. Neposredno ispored objekta nalazi se ure\u0111ena pla\u017ea, gdje gosti imaju mogu\u0107nost unajmljivanja le\u017ealjki i suncobrana, a kristalno \u010disto more zaljeva Neum-Klek mamit \u0107e Vas da zaronite i osjetite osvje\u017eenje, koje pru\u017ea. Hotel PORAT sa svojim pa\u017eljivim osobljem i mno\u0161tvom sadr\u017eaja rado \u0107e ispuniti svaku \u017eelju \u010dine\u0107i va\u0161 odmor nezaboravnim.<br \/>\nHotel organizira izlete u poznata turisti\u010dka sredi\u0161ta, kao \u0161to su: Dubrovnik, Kor\u010dula, Ston, Mostar i Me\u0111ugorje a tako\u0111er nudi prijevoz putnika od\/do zra\u010dnih luka Dubrovnik, Mostar i Split uz nadoplatu.<\/p>\n<h3>Galerija<\/h3>\n<div id='gallery-1' class='gallery galleryid-667 gallery-columns-4 gallery-size-thumbnail'><figure class='gallery-item'>\n\t\t\t<div class='gallery-icon landscape'>\n\t\t\t\t<a href='https:\/\/hotel-porat.ba\/wp-content\/uploads\/2019\/05\/smjestaj_24-1.jpg'><img decoding=\"async\" width=\"150\" height=\"150\" src=\"https:\/\/hotel-porat.ba\/wp-content\/uploads\/2019\/05\/smjestaj_24-1-150x150.jpg\" class=\"attachment-thumbnail size-thumbnail\" alt=\"\" srcset=\"https:\/\/hotel-porat.ba\/wp-content\/uploads\/2019\/05\/smjestaj_24-1-150x150.jpg 150w, https:\/\/hotel-porat.ba\/wp-content\/uploads\/2019\/05\/smjestaj_24-1-100x100.jpg 100w\" sizes=\"(max-width: 150px) 100vw, 150px\" \/><\/a>\n\t\t\t<\/div><\/figure><figure class='gallery-item'>\n\t\t\t<div class='gallery-icon portrait'>\n\t\t\t\t<a href='https:\/\/hotel-porat.ba\/wp-content\/uploads\/2019\/05\/smjestaj_01-2.jpg'><img decoding=\"async\" width=\"150\" height=\"150\" src=\"https:\/\/hotel-porat.ba\/wp-content\/uploads\/2019\/05\/smjestaj_01-2-150x150.jpg\" class=\"attachment-thumbnail size-thumbnail\" alt=\"\" srcset=\"https:\/\/hotel-porat.ba\/wp-content\/uploads\/2019\/05\/smjestaj_01-2-150x150.jpg 150w, https:\/\/hotel-porat.ba\/wp-content\/uploads\/2019\/05\/smjestaj_01-2-100x100.jpg 100w\" sizes=\"(max-width: 150px) 100vw, 150px\" \/><\/a>\n\t\t\t<\/div><\/figure><figure class='gallery-item'>\n\t\t\t<div class='gallery-icon portrait'>\n\t\t\t\t<a href='https:\/\/hotel-porat.ba\/wp-content\/uploads\/2019\/05\/smjestaj_02-2.jpg'><img decoding=\"async\" width=\"150\" height=\"150\" src=\"https:\/\/hotel-porat.ba\/wp-content\/uploads\/2019\/05\/smjestaj_02-2-150x150.jpg\" class=\"attachment-thumbnail size-thumbnail\" alt=\"\" srcset=\"https:\/\/hotel-porat.ba\/wp-content\/uploads\/2019\/05\/smjestaj_02-2-150x150.jpg 150w, https:\/\/hotel-porat.ba\/wp-content\/uploads\/2019\/05\/smjestaj_02-2-100x100.jpg 100w\" sizes=\"(max-width: 150px) 100vw, 150px\" \/><\/a>\n\t\t\t<\/div><\/figure><figure class='gallery-item'>\n\t\t\t<div class='gallery-icon landscape'>\n\t\t\t\t<a href='https:\/\/hotel-porat.ba\/wp-content\/uploads\/2019\/05\/smjestaj_03-2.jpg'><img loading=\"lazy\" decoding=\"async\" width=\"150\" height=\"150\" src=\"https:\/\/hotel-porat.ba\/wp-content\/uploads\/2019\/05\/smjestaj_03-2-150x150.jpg\" class=\"attachment-thumbnail size-thumbnail\" alt=\"\" srcset=\"https:\/\/hotel-porat.ba\/wp-content\/uploads\/2019\/05\/smjestaj_03-2-150x150.jpg 150w, https:\/\/hotel-porat.ba\/wp-content\/uploads\/2019\/05\/smjestaj_03-2-100x100.jpg 100w\" sizes=\"(max-width: 150px) 100vw, 150px\" \/><\/a>\n\t\t\t<\/div><\/figure><figure class='gallery-item'>\n\t\t\t<div class='gallery-icon landscape'>\n\t\t\t\t<a href='https:\/\/hotel-porat.ba\/wp-content\/uploads\/2019\/05\/smjestaj_04-2.jpg'><img loading=\"lazy\" decoding=\"async\" width=\"150\" height=\"150\" src=\"https:\/\/hotel-porat.ba\/wp-content\/uploads\/2019\/05\/smjestaj_04-2-150x150.jpg\" class=\"attachment-thumbnail size-thumbnail\" alt=\"\" srcset=\"https:\/\/hotel-porat.ba\/wp-content\/uploads\/2019\/05\/smjestaj_04-2-150x150.jpg 150w, https:\/\/hotel-porat.ba\/wp-content\/uploads\/2019\/05\/smjestaj_04-2-100x100.jpg 100w\" sizes=\"(max-width: 150px) 100vw, 150px\" \/><\/a>\n\t\t\t<\/div><\/figure><figure class='gallery-item'>\n\t\t\t<div class='gallery-icon landscape'>\n\t\t\t\t<a href='https:\/\/hotel-porat.ba\/wp-content\/uploads\/2019\/05\/smjestaj_05-2.jpg'><img loading=\"lazy\" decoding=\"async\" width=\"150\" height=\"150\" src=\"https:\/\/hotel-porat.ba\/wp-content\/uploads\/2019\/05\/smjestaj_05-2-150x150.jpg\" class=\"attachment-thumbnail size-thumbnail\" alt=\"\" srcset=\"https:\/\/hotel-porat.ba\/wp-content\/uploads\/2019\/05\/smjestaj_05-2-150x150.jpg 150w, https:\/\/hotel-porat.ba\/wp-content\/uploads\/2019\/05\/smjestaj_05-2-100x100.jpg 100w\" sizes=\"(max-width: 150px) 100vw, 150px\" \/><\/a>\n\t\t\t<\/div><\/figure><figure class='gallery-item'>\n\t\t\t<div class='gallery-icon portrait'>\n\t\t\t\t<a href='https:\/\/hotel-porat.ba\/wp-content\/uploads\/2019\/05\/smjestaj_06-2.jpg'><img loading=\"lazy\" decoding=\"async\" width=\"150\" height=\"150\" src=\"https:\/\/hotel-porat.ba\/wp-content\/uploads\/2019\/05\/smjestaj_06-2-150x150.jpg\" class=\"attachment-thumbnail size-thumbnail\" alt=\"\" srcset=\"https:\/\/hotel-porat.ba\/wp-content\/uploads\/2019\/05\/smjestaj_06-2-150x150.jpg 150w, https:\/\/hotel-porat.ba\/wp-content\/uploads\/2019\/05\/smjestaj_06-2-100x100.jpg 100w\" sizes=\"(max-width: 150px) 100vw, 150px\" \/><\/a>\n\t\t\t<\/div><\/figure><figure class='gallery-item'>\n\t\t\t<div class='gallery-icon landscape'>\n\t\t\t\t<a href='https:\/\/hotel-porat.ba\/wp-content\/uploads\/2019\/05\/smjestaj_07-2.jpg'><img loading=\"lazy\" decoding=\"async\" width=\"150\" height=\"150\" src=\"https:\/\/hotel-porat.ba\/wp-content\/uploads\/2019\/05\/smjestaj_07-2-150x150.jpg\" class=\"attachment-thumbnail size-thumbnail\" alt=\"\" srcset=\"https:\/\/hotel-porat.ba\/wp-content\/uploads\/2019\/05\/smjestaj_07-2-150x150.jpg 150w, https:\/\/hotel-porat.ba\/wp-content\/uploads\/2019\/05\/smjestaj_07-2-100x100.jpg 100w\" sizes=\"(max-width: 150px) 100vw, 150px\" \/><\/a>\n\t\t\t<\/div><\/figure><figure class='gallery-item'>\n\t\t\t<div class='gallery-icon landscape'>\n\t\t\t\t<a href='https:\/\/hotel-porat.ba\/wp-content\/uploads\/2019\/05\/smjestaj_08-2.jpg'><img loading=\"lazy\" decoding=\"async\" width=\"150\" height=\"150\" src=\"https:\/\/hotel-porat.ba\/wp-content\/uploads\/2019\/05\/smjestaj_08-2-150x150.jpg\" class=\"attachment-thumbnail size-thumbnail\" alt=\"\" srcset=\"https:\/\/hotel-porat.ba\/wp-content\/uploads\/2019\/05\/smjestaj_08-2-150x150.jpg 150w, https:\/\/hotel-porat.ba\/wp-content\/uploads\/2019\/05\/smjestaj_08-2-100x100.jpg 100w\" sizes=\"(max-width: 150px) 100vw, 150px\" \/><\/a>\n\t\t\t<\/div><\/figure><figure class='gallery-item'>\n\t\t\t<div class='gallery-icon landscape'>\n\t\t\t\t<a href='https:\/\/hotel-porat.ba\/wp-content\/uploads\/2019\/05\/smjestaj_09-2.jpg'><img loading=\"lazy\" decoding=\"async\" width=\"150\" height=\"150\" src=\"https:\/\/hotel-porat.ba\/wp-content\/uploads\/2019\/05\/smjestaj_09-2-150x150.jpg\" class=\"attachment-thumbnail size-thumbnail\" alt=\"\" srcset=\"https:\/\/hotel-porat.ba\/wp-content\/uploads\/2019\/05\/smjestaj_09-2-150x150.jpg 150w, https:\/\/hotel-porat.ba\/wp-content\/uploads\/2019\/05\/smjestaj_09-2-100x100.jpg 100w\" sizes=\"(max-width: 150px) 100vw, 150px\" \/><\/a>\n\t\t\t<\/div><\/figure><figure class='gallery-item'>\n\t\t\t<div class='gallery-icon landscape'>\n\t\t\t\t<a href='https:\/\/hotel-porat.ba\/wp-content\/uploads\/2019\/05\/smjestaj_10-2.jpg'><img loading=\"lazy\" decoding=\"async\" width=\"150\" height=\"150\" src=\"https:\/\/hotel-porat.ba\/wp-content\/uploads\/2019\/05\/smjestaj_10-2-150x150.jpg\" class=\"attachment-thumbnail size-thumbnail\" alt=\"\" srcset=\"https:\/\/hotel-porat.ba\/wp-content\/uploads\/2019\/05\/smjestaj_10-2-150x150.jpg 150w, https:\/\/hotel-porat.ba\/wp-content\/uploads\/2019\/05\/smjestaj_10-2-100x100.jpg 100w\" sizes=\"(max-width: 150px) 100vw, 150px\" \/><\/a>\n\t\t\t<\/div><\/figure><figure class='gallery-item'>\n\t\t\t<div class='gallery-icon portrait'>\n\t\t\t\t<a href='https:\/\/hotel-porat.ba\/wp-content\/uploads\/2019\/05\/smjestaj_11-2.jpg'><img loading=\"lazy\" decoding=\"async\" width=\"150\" height=\"150\" src=\"https:\/\/hotel-porat.ba\/wp-content\/uploads\/2019\/05\/smjestaj_11-2-150x150.jpg\" class=\"attachment-thumbnail size-thumbnail\" alt=\"\" srcset=\"https:\/\/hotel-porat.ba\/wp-content\/uploads\/2019\/05\/smjestaj_11-2-150x150.jpg 150w, https:\/\/hotel-porat.ba\/wp-content\/uploads\/2019\/05\/smjestaj_11-2-100x100.jpg 100w\" sizes=\"(max-width: 150px) 100vw, 150px\" \/><\/a>\n\t\t\t<\/div><\/figure><figure class='gallery-item'>\n\t\t\t<div class='gallery-icon landscape'>\n\t\t\t\t<a href='https:\/\/hotel-porat.ba\/wp-content\/uploads\/2019\/05\/smjestaj_12-2.jpg'><img loading=\"lazy\" decoding=\"async\" width=\"150\" height=\"150\" src=\"https:\/\/hotel-porat.ba\/wp-content\/uploads\/2019\/05\/smjestaj_12-2-150x150.jpg\" class=\"attachment-thumbnail size-thumbnail\" alt=\"\" srcset=\"https:\/\/hotel-porat.ba\/wp-content\/uploads\/2019\/05\/smjestaj_12-2-150x150.jpg 150w, https:\/\/hotel-porat.ba\/wp-content\/uploads\/2019\/05\/smjestaj_12-2-100x100.jpg 100w\" sizes=\"(max-width: 150px) 100vw, 150px\" \/><\/a>\n\t\t\t<\/div><\/figure><figure class='gallery-item'>\n\t\t\t<div class='gallery-icon landscape'>\n\t\t\t\t<a href='https:\/\/hotel-porat.ba\/wp-content\/uploads\/2019\/05\/smjestaj_13-2.jpg'><img loading=\"lazy\" decoding=\"async\" width=\"150\" height=\"150\" src=\"https:\/\/hotel-porat.ba\/wp-content\/uploads\/2019\/05\/smjestaj_13-2-150x150.jpg\" class=\"attachment-thumbnail size-thumbnail\" alt=\"\" srcset=\"https:\/\/hotel-porat.ba\/wp-content\/uploads\/2019\/05\/smjestaj_13-2-150x150.jpg 150w, https:\/\/hotel-porat.ba\/wp-content\/uploads\/2019\/05\/smjestaj_13-2-100x100.jpg 100w\" sizes=\"(max-width: 150px) 100vw, 150px\" \/><\/a>\n\t\t\t<\/div><\/figure><figure class='gallery-item'>\n\t\t\t<div class='gallery-icon landscape'>\n\t\t\t\t<a href='https:\/\/hotel-porat.ba\/wp-content\/uploads\/2019\/05\/smjestaj_14-2.jpg'><img loading=\"lazy\" decoding=\"async\" width=\"150\" height=\"150\" src=\"https:\/\/hotel-porat.ba\/wp-content\/uploads\/2019\/05\/smjestaj_14-2-150x150.jpg\" class=\"attachment-thumbnail size-thumbnail\" alt=\"\" srcset=\"https:\/\/hotel-porat.ba\/wp-content\/uploads\/2019\/05\/smjestaj_14-2-150x150.jpg 150w, https:\/\/hotel-porat.ba\/wp-content\/uploads\/2019\/05\/smjestaj_14-2-100x100.jpg 100w\" sizes=\"(max-width: 150px) 100vw, 150px\" \/><\/a>\n\t\t\t<\/div><\/figure><figure class='gallery-item'>\n\t\t\t<div class='gallery-icon portrait'>\n\t\t\t\t<a href='https:\/\/hotel-porat.ba\/wp-content\/uploads\/2019\/05\/smjestaj_15-2.jpg'><img loading=\"lazy\" decoding=\"async\" width=\"150\" height=\"150\" src=\"https:\/\/hotel-porat.ba\/wp-content\/uploads\/2019\/05\/smjestaj_15-2-150x150.jpg\" class=\"attachment-thumbnail size-thumbnail\" alt=\"\" srcset=\"https:\/\/hotel-porat.ba\/wp-content\/uploads\/2019\/05\/smjestaj_15-2-150x150.jpg 150w, https:\/\/hotel-porat.ba\/wp-content\/uploads\/2019\/05\/smjestaj_15-2-100x100.jpg 100w\" sizes=\"(max-width: 150px) 100vw, 150px\" \/><\/a>\n\t\t\t<\/div><\/figure><figure class='gallery-item'>\n\t\t\t<div class='gallery-icon landscape'>\n\t\t\t\t<a href='https:\/\/hotel-porat.ba\/wp-content\/uploads\/2019\/05\/smjestaj_16-2.jpg'><img loading=\"lazy\" decoding=\"async\" width=\"150\" height=\"150\" src=\"https:\/\/hotel-porat.ba\/wp-content\/uploads\/2019\/05\/smjestaj_16-2-150x150.jpg\" class=\"attachment-thumbnail size-thumbnail\" alt=\"\" srcset=\"https:\/\/hotel-porat.ba\/wp-content\/uploads\/2019\/05\/smjestaj_16-2-150x150.jpg 150w, https:\/\/hotel-porat.ba\/wp-content\/uploads\/2019\/05\/smjestaj_16-2-100x100.jpg 100w\" sizes=\"(max-width: 150px) 100vw, 150px\" \/><\/a>\n\t\t\t<\/div><\/figure><figure class='gallery-item'>\n\t\t\t<div class='gallery-icon landscape'>\n\t\t\t\t<a href='https:\/\/hotel-porat.ba\/wp-content\/uploads\/2019\/05\/smjestaj_17-2.jpg'><img loading=\"lazy\" decoding=\"async\" width=\"150\" height=\"150\" src=\"https:\/\/hotel-porat.ba\/wp-content\/uploads\/2019\/05\/smjestaj_17-2-150x150.jpg\" class=\"attachment-thumbnail size-thumbnail\" alt=\"\" srcset=\"https:\/\/hotel-porat.ba\/wp-content\/uploads\/2019\/05\/smjestaj_17-2-150x150.jpg 150w, https:\/\/hotel-porat.ba\/wp-content\/uploads\/2019\/05\/smjestaj_17-2-100x100.jpg 100w\" sizes=\"(max-width: 150px) 100vw, 150px\" \/><\/a>\n\t\t\t<\/div><\/figure><figure class='gallery-item'>\n\t\t\t<div class='gallery-icon landscape'>\n\t\t\t\t<a href='https:\/\/hotel-porat.ba\/wp-content\/uploads\/2019\/05\/smjestaj_18-2.jpg'><img loading=\"lazy\" decoding=\"async\" width=\"150\" height=\"150\" src=\"https:\/\/hotel-porat.ba\/wp-content\/uploads\/2019\/05\/smjestaj_18-2-150x150.jpg\" class=\"attachment-thumbnail size-thumbnail\" alt=\"\" srcset=\"https:\/\/hotel-porat.ba\/wp-content\/uploads\/2019\/05\/smjestaj_18-2-150x150.jpg 150w, https:\/\/hotel-porat.ba\/wp-content\/uploads\/2019\/05\/smjestaj_18-2-100x100.jpg 100w\" sizes=\"(max-width: 150px) 100vw, 150px\" \/><\/a>\n\t\t\t<\/div><\/figure><figure class='gallery-item'>\n\t\t\t<div class='gallery-icon landscape'>\n\t\t\t\t<a href='https:\/\/hotel-porat.ba\/wp-content\/uploads\/2019\/05\/smjestaj_19-2.jpg'><img loading=\"lazy\" decoding=\"async\" width=\"150\" height=\"150\" src=\"https:\/\/hotel-porat.ba\/wp-content\/uploads\/2019\/05\/smjestaj_19-2-150x150.jpg\" class=\"attachment-thumbnail size-thumbnail\" alt=\"\" srcset=\"https:\/\/hotel-porat.ba\/wp-content\/uploads\/2019\/05\/smjestaj_19-2-150x150.jpg 150w, https:\/\/hotel-porat.ba\/wp-content\/uploads\/2019\/05\/smjestaj_19-2-100x100.jpg 100w\" sizes=\"(max-width: 150px) 100vw, 150px\" \/><\/a>\n\t\t\t<\/div><\/figure><figure class='gallery-item'>\n\t\t\t<div class='gallery-icon landscape'>\n\t\t\t\t<a href='https:\/\/hotel-porat.ba\/wp-content\/uploads\/2019\/05\/smjestaj_20-2.jpg'><img loading=\"lazy\" decoding=\"async\" width=\"150\" height=\"150\" src=\"https:\/\/hotel-porat.ba\/wp-content\/uploads\/2019\/05\/smjestaj_20-2-150x150.jpg\" class=\"attachment-thumbnail size-thumbnail\" alt=\"\" srcset=\"https:\/\/hotel-porat.ba\/wp-content\/uploads\/2019\/05\/smjestaj_20-2-150x150.jpg 150w, https:\/\/hotel-porat.ba\/wp-content\/uploads\/2019\/05\/smjestaj_20-2-100x100.jpg 100w\" sizes=\"(max-width: 150px) 100vw, 150px\" \/><\/a>\n\t\t\t<\/div><\/figure><figure class='gallery-item'>\n\t\t\t<div class='gallery-icon landscape'>\n\t\t\t\t<a href='https:\/\/hotel-porat.ba\/wp-content\/uploads\/2019\/05\/smjestaj_21-2.jpg'><img loading=\"lazy\" decoding=\"async\" width=\"150\" height=\"150\" src=\"https:\/\/hotel-porat.ba\/wp-content\/uploads\/2019\/05\/smjestaj_21-2-150x150.jpg\" class=\"attachment-thumbnail size-thumbnail\" alt=\"\" srcset=\"https:\/\/hotel-porat.ba\/wp-content\/uploads\/2019\/05\/smjestaj_21-2-150x150.jpg 150w, https:\/\/hotel-porat.ba\/wp-content\/uploads\/2019\/05\/smjestaj_21-2-100x100.jpg 100w\" sizes=\"(max-width: 150px) 100vw, 150px\" \/><\/a>\n\t\t\t<\/div><\/figure><figure class='gallery-item'>\n\t\t\t<div class='gallery-icon landscape'>\n\t\t\t\t<a href='https:\/\/hotel-porat.ba\/wp-content\/uploads\/2019\/05\/smjestaj_22-2.jpg'><img loading=\"lazy\" decoding=\"async\" width=\"150\" height=\"150\" src=\"https:\/\/hotel-porat.ba\/wp-content\/uploads\/2019\/05\/smjestaj_22-2-150x150.jpg\" class=\"attachment-thumbnail size-thumbnail\" alt=\"\" srcset=\"https:\/\/hotel-porat.ba\/wp-content\/uploads\/2019\/05\/smjestaj_22-2-150x150.jpg 150w, https:\/\/hotel-porat.ba\/wp-content\/uploads\/2019\/05\/smjestaj_22-2-100x100.jpg 100w\" sizes=\"(max-width: 150px) 100vw, 150px\" \/><\/a>\n\t\t\t<\/div><\/figure><figure class='gallery-item'>\n\t\t\t<div class='gallery-icon landscape'>\n\t\t\t\t<a href='https:\/\/hotel-porat.ba\/wp-content\/uploads\/2019\/05\/smjestaj_23-2.jpg'><img loading=\"lazy\" decoding=\"async\" width=\"150\" height=\"150\" src=\"https:\/\/hotel-porat.ba\/wp-content\/uploads\/2019\/05\/smjestaj_23-2-150x150.jpg\" class=\"attachment-thumbnail size-thumbnail\" alt=\"\" srcset=\"https:\/\/hotel-porat.ba\/wp-content\/uploads\/2019\/05\/smjestaj_23-2-150x150.jpg 150w, https:\/\/hotel-porat.ba\/wp-content\/uploads\/2019\/05\/smjestaj_23-2-100x100.jpg 100w\" sizes=\"(max-width: 150px) 100vw, 150px\" \/><\/a>\n\t\t\t<\/div><\/figure><figure class='gallery-item'>\n\t\t\t<div class='gallery-icon landscape'>\n\t\t\t\t<a href='https:\/\/hotel-porat.ba\/wp-content\/uploads\/2019\/05\/smjestaj_24-2.jpg'><img loading=\"lazy\" decoding=\"async\" width=\"150\" height=\"150\" src=\"https:\/\/hotel-porat.ba\/wp-content\/uploads\/2019\/05\/smjestaj_24-2-150x150.jpg\" class=\"attachment-thumbnail size-thumbnail\" alt=\"\" srcset=\"https:\/\/hotel-porat.ba\/wp-content\/uploads\/2019\/05\/smjestaj_24-2-150x150.jpg 150w, https:\/\/hotel-porat.ba\/wp-content\/uploads\/2019\/05\/smjestaj_24-2-100x100.jpg 100w\" sizes=\"(max-width: 150px) 100vw, 150px\" \/><\/a>\n\t\t\t<\/div><\/figure>\n\t\t<\/div>\n\n","protected":false},"excerpt":{"rendered":"<p>Hotel raspola\u017ee s moderno i udobno ure\u0111enim dvokrevetnim i trokrevetnim sobama, studio apartmanima i hotelskim apartmanom, od kojih je ve\u0107ina s pogledom na more i prekrasni zaljev Neum-Klek. Sve sobe i apartmani su opremljeni sa: SAT TV, telefonom, internetom, klimom, mini kuhinjom ili mini barom, balkonom\u2026 Jutro okupano sun\u010danim zrakama,[&#8230;]<\/p>\n","protected":false},"author":1,"featured_media":638,"parent":0,"menu_order":0,"comment_status":"closed","ping_status":"closed","template":"","meta":{"footnotes":""},"class_list":["post-667","page","type-page","status-publish","has-post-thumbnail","hentry"],"_links":{"self":[{"href":"https:\/\/hotel-porat.ba\/index.php\/wp-json\/wp\/v2\/pages\/667","targetHints":{"allow":["GET"]}}],"collection":[{"href":"https:\/\/hotel-porat.ba\/index.php\/wp-json\/wp\/v2\/pages"}],"about":[{"href":"https:\/\/hotel-porat.ba\/index.php\/wp-json\/wp\/v2\/types\/page"}],"author":[{"embeddable":true,"href":"https:\/\/hotel-porat.ba\/index.php\/wp-json\/wp\/v2\/users\/1"}],"replies":[{"embeddable":true,"href":"https:\/\/hotel-porat.ba\/index.php\/wp-json\/wp\/v2\/comments?post=667"}],"version-history":[{"count":8,"href":"https:\/\/hotel-porat.ba\/index.php\/wp-json\/wp\/v2\/pages\/667\/revisions"}],"predecessor-version":[{"id":764,"href":"https:\/\/hotel-porat.ba\/index.php\/wp-json\/wp\/v2\/pages\/667\/revisions\/764"}],"wp:featuredmedia":[{"embeddable":true,"href":"https:\/\/hotel-porat.ba\/index.php\/wp-json\/wp\/v2\/media\/638"}],"wp:attachment":[{"href":"https:\/\/hotel-porat.ba\/index.php\/wp-json\/wp\/v2\/media?parent=667"}],"curies":[{"name":"wp","href":"https:\/\/api.w.org\/{rel}","templated":true}]}}