{"id":1989,"date":"2020-07-11T08:48:01","date_gmt":"2020-07-11T08:48:01","guid":{"rendered":"https:\/\/hotel-porat.ba\/index.php\/apartment-tamaris\/"},"modified":"2020-07-11T08:48:01","modified_gmt":"2020-07-11T08:48:01","slug":"apartment-tamaris","status":"publish","type":"page","link":"https:\/\/hotel-porat.ba\/index.php\/apartment-tamaris\/?lang=de","title":{"rendered":"Apartment &#8220;TAMARIS&#8221;"},"content":{"rendered":"\t\t<div data-elementor-type=\"wp-post\" data-elementor-id=\"1989\" class=\"elementor elementor-1989 elementor-1773\">\n\t\t\t\t\t\t<section class=\"elementor-section elementor-top-section elementor-element elementor-element-4c267004 elementor-section-boxed elementor-section-height-default elementor-section-height-default\" data-id=\"4c267004\" data-element_type=\"section\">\n\t\t\t\t\t\t<div class=\"elementor-container elementor-column-gap-default\">\n\t\t\t\t\t<div class=\"elementor-column elementor-col-100 elementor-top-column elementor-element elementor-element-4bde7861\" data-id=\"4bde7861\" data-element_type=\"column\">\n\t\t\t<div class=\"elementor-widget-wrap elementor-element-populated\">\n\t\t\t\t\t\t<div class=\"elementor-element elementor-element-7b28e1 elementor-widget elementor-widget-text-editor\" data-id=\"7b28e1\" data-element_type=\"widget\" data-widget_type=\"text-editor.default\">\n\t\t\t\t<div class=\"elementor-widget-container\">\n\t\t\t\t\t\t\t<p class=\"excerpt\"><span style=\"color: #ffffff;\">Wir bieten unseren G\u00e4sten auch Unterk\u00fcnfte in unseren Apartments &#8220;Tamaris&#8221;, die weniger als 1 km vom Strand Neum in Neum entfernt liegen und Unterk\u00fcnfte mit Sitzbereich und kostenfreiem WLAN bieten.<\/span><\/p>\n<blockquote class=\"alignleft six columns alpha\">\n<p><span style=\"color: #ffffff;\">Der Morgen ist in Sonnenschein getaucht, der Duft mediterraner Pflanzen und der Geruch und L\u00e4rm des Meeres \u2013 im Hotel PORAT in Neum wird ein Traum wahr.<\/span><\/p>\n<\/blockquote>\n<p><span style=\"color: #ffffff;\">Alle Unterk\u00fcnfte sind klimatisiert und verf\u00fcgen \u00fcber einen Flachbild-TV, ein Wohnzimmer mit einem Sofa, eine gut ausgestattete K\u00fcche mit einem Essbereich und ein eigenes Bad mit einer Dusche, einem Haartrockner und kostenlosen Pflegeprodukten. Jede Unterkunft verf\u00fcgt \u00fcber eine Terrasse mit Meerblick.<\/span><span style=\"color: #ffffff;\">Das Apartment verf\u00fcgt \u00fcber eine Terrasse.<\/span><\/p>\n<h3>\u00a0<\/h3>\n<h3><span style=\"color: #ffffff;\">Galerie<\/span><\/h3>\n<div id='gallery-1' class='gallery galleryid-1989 gallery-columns-4 gallery-size-thumbnail'><figure class='gallery-item'>\n\t\t\t<div class='gallery-icon landscape'>\n\t\t\t\t<a href='https:\/\/hotel-porat.ba\/wp-content\/uploads\/2020\/07\/tamaris_neum01.jpg'><img decoding=\"async\" width=\"150\" height=\"150\" src=\"https:\/\/hotel-porat.ba\/wp-content\/uploads\/2020\/07\/tamaris_neum01-150x150.jpg\" class=\"attachment-thumbnail size-thumbnail\" alt=\"\" srcset=\"https:\/\/hotel-porat.ba\/wp-content\/uploads\/2020\/07\/tamaris_neum01-150x150.jpg 150w, https:\/\/hotel-porat.ba\/wp-content\/uploads\/2020\/07\/tamaris_neum01-100x100.jpg 100w\" sizes=\"(max-width: 150px) 100vw, 150px\" \/><\/a>\n\t\t\t<\/div><\/figure><figure class='gallery-item'>\n\t\t\t<div class='gallery-icon landscape'>\n\t\t\t\t<a href='https:\/\/hotel-porat.ba\/wp-content\/uploads\/2020\/07\/tamaris_neum02.jpg'><img decoding=\"async\" width=\"150\" height=\"150\" src=\"https:\/\/hotel-porat.ba\/wp-content\/uploads\/2020\/07\/tamaris_neum02-150x150.jpg\" class=\"attachment-thumbnail size-thumbnail\" alt=\"\" srcset=\"https:\/\/hotel-porat.ba\/wp-content\/uploads\/2020\/07\/tamaris_neum02-150x150.jpg 150w, https:\/\/hotel-porat.ba\/wp-content\/uploads\/2020\/07\/tamaris_neum02-100x100.jpg 100w\" sizes=\"(max-width: 150px) 100vw, 150px\" \/><\/a>\n\t\t\t<\/div><\/figure><figure class='gallery-item'>\n\t\t\t<div class='gallery-icon landscape'>\n\t\t\t\t<a href='https:\/\/hotel-porat.ba\/wp-content\/uploads\/2020\/07\/tamaris_neum03.jpg'><img decoding=\"async\" width=\"150\" height=\"150\" src=\"https:\/\/hotel-porat.ba\/wp-content\/uploads\/2020\/07\/tamaris_neum03-150x150.jpg\" class=\"attachment-thumbnail size-thumbnail\" alt=\"\" srcset=\"https:\/\/hotel-porat.ba\/wp-content\/uploads\/2020\/07\/tamaris_neum03-150x150.jpg 150w, https:\/\/hotel-porat.ba\/wp-content\/uploads\/2020\/07\/tamaris_neum03-100x100.jpg 100w\" sizes=\"(max-width: 150px) 100vw, 150px\" \/><\/a>\n\t\t\t<\/div><\/figure><figure class='gallery-item'>\n\t\t\t<div class='gallery-icon landscape'>\n\t\t\t\t<a href='https:\/\/hotel-porat.ba\/wp-content\/uploads\/2020\/07\/tamaris_neum04.jpg'><img loading=\"lazy\" decoding=\"async\" width=\"150\" height=\"150\" src=\"https:\/\/hotel-porat.ba\/wp-content\/uploads\/2020\/07\/tamaris_neum04-150x150.jpg\" class=\"attachment-thumbnail size-thumbnail\" alt=\"\" srcset=\"https:\/\/hotel-porat.ba\/wp-content\/uploads\/2020\/07\/tamaris_neum04-150x150.jpg 150w, https:\/\/hotel-porat.ba\/wp-content\/uploads\/2020\/07\/tamaris_neum04-100x100.jpg 100w\" sizes=\"(max-width: 150px) 100vw, 150px\" \/><\/a>\n\t\t\t<\/div><\/figure><figure class='gallery-item'>\n\t\t\t<div class='gallery-icon landscape'>\n\t\t\t\t<a href='https:\/\/hotel-porat.ba\/wp-content\/uploads\/2020\/07\/tamaris_neum05.jpg'><img loading=\"lazy\" decoding=\"async\" width=\"150\" height=\"150\" src=\"https:\/\/hotel-porat.ba\/wp-content\/uploads\/2020\/07\/tamaris_neum05-150x150.jpg\" class=\"attachment-thumbnail size-thumbnail\" alt=\"\" srcset=\"https:\/\/hotel-porat.ba\/wp-content\/uploads\/2020\/07\/tamaris_neum05-150x150.jpg 150w, https:\/\/hotel-porat.ba\/wp-content\/uploads\/2020\/07\/tamaris_neum05-100x100.jpg 100w\" sizes=\"(max-width: 150px) 100vw, 150px\" \/><\/a>\n\t\t\t<\/div><\/figure><figure class='gallery-item'>\n\t\t\t<div class='gallery-icon landscape'>\n\t\t\t\t<a href='https:\/\/hotel-porat.ba\/wp-content\/uploads\/2020\/07\/tamaris_neum06.jpg'><img loading=\"lazy\" decoding=\"async\" width=\"150\" height=\"150\" src=\"https:\/\/hotel-porat.ba\/wp-content\/uploads\/2020\/07\/tamaris_neum06-150x150.jpg\" class=\"attachment-thumbnail size-thumbnail\" alt=\"\" srcset=\"https:\/\/hotel-porat.ba\/wp-content\/uploads\/2020\/07\/tamaris_neum06-150x150.jpg 150w, https:\/\/hotel-porat.ba\/wp-content\/uploads\/2020\/07\/tamaris_neum06-100x100.jpg 100w\" sizes=\"(max-width: 150px) 100vw, 150px\" \/><\/a>\n\t\t\t<\/div><\/figure><figure class='gallery-item'>\n\t\t\t<div class='gallery-icon landscape'>\n\t\t\t\t<a href='https:\/\/hotel-porat.ba\/wp-content\/uploads\/2020\/07\/tamaris_neum07.jpg'><img loading=\"lazy\" decoding=\"async\" width=\"150\" height=\"150\" src=\"https:\/\/hotel-porat.ba\/wp-content\/uploads\/2020\/07\/tamaris_neum07-150x150.jpg\" class=\"attachment-thumbnail size-thumbnail\" alt=\"\" srcset=\"https:\/\/hotel-porat.ba\/wp-content\/uploads\/2020\/07\/tamaris_neum07-150x150.jpg 150w, https:\/\/hotel-porat.ba\/wp-content\/uploads\/2020\/07\/tamaris_neum07-100x100.jpg 100w\" sizes=\"(max-width: 150px) 100vw, 150px\" \/><\/a>\n\t\t\t<\/div><\/figure><figure class='gallery-item'>\n\t\t\t<div class='gallery-icon landscape'>\n\t\t\t\t<a href='https:\/\/hotel-porat.ba\/wp-content\/uploads\/2020\/07\/tamaris_neum08.jpg'><img loading=\"lazy\" decoding=\"async\" width=\"150\" height=\"150\" src=\"https:\/\/hotel-porat.ba\/wp-content\/uploads\/2020\/07\/tamaris_neum08-150x150.jpg\" class=\"attachment-thumbnail size-thumbnail\" alt=\"\" srcset=\"https:\/\/hotel-porat.ba\/wp-content\/uploads\/2020\/07\/tamaris_neum08-150x150.jpg 150w, https:\/\/hotel-porat.ba\/wp-content\/uploads\/2020\/07\/tamaris_neum08-100x100.jpg 100w\" sizes=\"(max-width: 150px) 100vw, 150px\" \/><\/a>\n\t\t\t<\/div><\/figure><figure class='gallery-item'>\n\t\t\t<div class='gallery-icon landscape'>\n\t\t\t\t<a href='https:\/\/hotel-porat.ba\/wp-content\/uploads\/2020\/07\/tamaris_neum09.jpg'><img loading=\"lazy\" decoding=\"async\" width=\"150\" height=\"150\" src=\"https:\/\/hotel-porat.ba\/wp-content\/uploads\/2020\/07\/tamaris_neum09-150x150.jpg\" class=\"attachment-thumbnail size-thumbnail\" alt=\"\" srcset=\"https:\/\/hotel-porat.ba\/wp-content\/uploads\/2020\/07\/tamaris_neum09-150x150.jpg 150w, https:\/\/hotel-porat.ba\/wp-content\/uploads\/2020\/07\/tamaris_neum09-100x100.jpg 100w\" sizes=\"(max-width: 150px) 100vw, 150px\" \/><\/a>\n\t\t\t<\/div><\/figure><figure class='gallery-item'>\n\t\t\t<div class='gallery-icon landscape'>\n\t\t\t\t<a href='https:\/\/hotel-porat.ba\/wp-content\/uploads\/2020\/07\/tamaris_neum10.jpg'><img loading=\"lazy\" decoding=\"async\" width=\"150\" height=\"150\" src=\"https:\/\/hotel-porat.ba\/wp-content\/uploads\/2020\/07\/tamaris_neum10-150x150.jpg\" class=\"attachment-thumbnail size-thumbnail\" alt=\"\" srcset=\"https:\/\/hotel-porat.ba\/wp-content\/uploads\/2020\/07\/tamaris_neum10-150x150.jpg 150w, https:\/\/hotel-porat.ba\/wp-content\/uploads\/2020\/07\/tamaris_neum10-100x100.jpg 100w\" sizes=\"(max-width: 150px) 100vw, 150px\" \/><\/a>\n\t\t\t<\/div><\/figure><figure class='gallery-item'>\n\t\t\t<div class='gallery-icon landscape'>\n\t\t\t\t<a href='https:\/\/hotel-porat.ba\/wp-content\/uploads\/2020\/07\/tamaris_neum11.jpg'><img loading=\"lazy\" decoding=\"async\" width=\"150\" height=\"150\" src=\"https:\/\/hotel-porat.ba\/wp-content\/uploads\/2020\/07\/tamaris_neum11-150x150.jpg\" class=\"attachment-thumbnail size-thumbnail\" alt=\"\" srcset=\"https:\/\/hotel-porat.ba\/wp-content\/uploads\/2020\/07\/tamaris_neum11-150x150.jpg 150w, https:\/\/hotel-porat.ba\/wp-content\/uploads\/2020\/07\/tamaris_neum11-100x100.jpg 100w\" sizes=\"(max-width: 150px) 100vw, 150px\" \/><\/a>\n\t\t\t<\/div><\/figure><figure class='gallery-item'>\n\t\t\t<div class='gallery-icon landscape'>\n\t\t\t\t<a href='https:\/\/hotel-porat.ba\/wp-content\/uploads\/2020\/07\/tamaris_neum12.jpg'><img loading=\"lazy\" decoding=\"async\" width=\"150\" height=\"150\" src=\"https:\/\/hotel-porat.ba\/wp-content\/uploads\/2020\/07\/tamaris_neum12-150x150.jpg\" class=\"attachment-thumbnail size-thumbnail\" alt=\"\" srcset=\"https:\/\/hotel-porat.ba\/wp-content\/uploads\/2020\/07\/tamaris_neum12-150x150.jpg 150w, https:\/\/hotel-porat.ba\/wp-content\/uploads\/2020\/07\/tamaris_neum12-100x100.jpg 100w\" sizes=\"(max-width: 150px) 100vw, 150px\" \/><\/a>\n\t\t\t<\/div><\/figure><figure class='gallery-item'>\n\t\t\t<div class='gallery-icon landscape'>\n\t\t\t\t<a href='https:\/\/hotel-porat.ba\/wp-content\/uploads\/2020\/07\/tamaris_neum13.jpg'><img loading=\"lazy\" decoding=\"async\" width=\"150\" height=\"150\" src=\"https:\/\/hotel-porat.ba\/wp-content\/uploads\/2020\/07\/tamaris_neum13-150x150.jpg\" class=\"attachment-thumbnail size-thumbnail\" alt=\"\" srcset=\"https:\/\/hotel-porat.ba\/wp-content\/uploads\/2020\/07\/tamaris_neum13-150x150.jpg 150w, https:\/\/hotel-porat.ba\/wp-content\/uploads\/2020\/07\/tamaris_neum13-100x100.jpg 100w\" sizes=\"(max-width: 150px) 100vw, 150px\" \/><\/a>\n\t\t\t<\/div><\/figure><figure class='gallery-item'>\n\t\t\t<div class='gallery-icon landscape'>\n\t\t\t\t<a href='https:\/\/hotel-porat.ba\/wp-content\/uploads\/2020\/07\/tamaris_neum14.jpg'><img loading=\"lazy\" decoding=\"async\" width=\"150\" height=\"150\" src=\"https:\/\/hotel-porat.ba\/wp-content\/uploads\/2020\/07\/tamaris_neum14-150x150.jpg\" class=\"attachment-thumbnail size-thumbnail\" alt=\"\" srcset=\"https:\/\/hotel-porat.ba\/wp-content\/uploads\/2020\/07\/tamaris_neum14-150x150.jpg 150w, https:\/\/hotel-porat.ba\/wp-content\/uploads\/2020\/07\/tamaris_neum14-100x100.jpg 100w\" sizes=\"(max-width: 150px) 100vw, 150px\" \/><\/a>\n\t\t\t<\/div><\/figure><figure class='gallery-item'>\n\t\t\t<div class='gallery-icon landscape'>\n\t\t\t\t<a href='https:\/\/hotel-porat.ba\/wp-content\/uploads\/2020\/07\/tamaris_neum15.jpg'><img loading=\"lazy\" decoding=\"async\" width=\"150\" height=\"150\" src=\"https:\/\/hotel-porat.ba\/wp-content\/uploads\/2020\/07\/tamaris_neum15-150x150.jpg\" class=\"attachment-thumbnail size-thumbnail\" alt=\"\" srcset=\"https:\/\/hotel-porat.ba\/wp-content\/uploads\/2020\/07\/tamaris_neum15-150x150.jpg 150w, https:\/\/hotel-porat.ba\/wp-content\/uploads\/2020\/07\/tamaris_neum15-100x100.jpg 100w\" sizes=\"(max-width: 150px) 100vw, 150px\" \/><\/a>\n\t\t\t<\/div><\/figure><figure class='gallery-item'>\n\t\t\t<div class='gallery-icon landscape'>\n\t\t\t\t<a href='https:\/\/hotel-porat.ba\/wp-content\/uploads\/2020\/07\/tamaris_neum16.jpg'><img loading=\"lazy\" decoding=\"async\" width=\"150\" height=\"150\" src=\"https:\/\/hotel-porat.ba\/wp-content\/uploads\/2020\/07\/tamaris_neum16-150x150.jpg\" class=\"attachment-thumbnail size-thumbnail\" alt=\"\" srcset=\"https:\/\/hotel-porat.ba\/wp-content\/uploads\/2020\/07\/tamaris_neum16-150x150.jpg 150w, https:\/\/hotel-porat.ba\/wp-content\/uploads\/2020\/07\/tamaris_neum16-100x100.jpg 100w\" sizes=\"(max-width: 150px) 100vw, 150px\" \/><\/a>\n\t\t\t<\/div><\/figure><figure class='gallery-item'>\n\t\t\t<div class='gallery-icon landscape'>\n\t\t\t\t<a href='https:\/\/hotel-porat.ba\/wp-content\/uploads\/2020\/07\/tamaris_neum17.jpg'><img loading=\"lazy\" decoding=\"async\" width=\"150\" height=\"150\" src=\"https:\/\/hotel-porat.ba\/wp-content\/uploads\/2020\/07\/tamaris_neum17-150x150.jpg\" class=\"attachment-thumbnail size-thumbnail\" alt=\"\" srcset=\"https:\/\/hotel-porat.ba\/wp-content\/uploads\/2020\/07\/tamaris_neum17-150x150.jpg 150w, https:\/\/hotel-porat.ba\/wp-content\/uploads\/2020\/07\/tamaris_neum17-100x100.jpg 100w\" sizes=\"(max-width: 150px) 100vw, 150px\" \/><\/a>\n\t\t\t<\/div><\/figure><figure class='gallery-item'>\n\t\t\t<div class='gallery-icon landscape'>\n\t\t\t\t<a href='https:\/\/hotel-porat.ba\/wp-content\/uploads\/2020\/07\/tamaris_neum18.jpg'><img loading=\"lazy\" decoding=\"async\" width=\"150\" height=\"150\" src=\"https:\/\/hotel-porat.ba\/wp-content\/uploads\/2020\/07\/tamaris_neum18-150x150.jpg\" class=\"attachment-thumbnail size-thumbnail\" alt=\"\" srcset=\"https:\/\/hotel-porat.ba\/wp-content\/uploads\/2020\/07\/tamaris_neum18-150x150.jpg 150w, https:\/\/hotel-porat.ba\/wp-content\/uploads\/2020\/07\/tamaris_neum18-100x100.jpg 100w\" sizes=\"(max-width: 150px) 100vw, 150px\" \/><\/a>\n\t\t\t<\/div><\/figure><figure class='gallery-item'>\n\t\t\t<div class='gallery-icon landscape'>\n\t\t\t\t<a href='https:\/\/hotel-porat.ba\/wp-content\/uploads\/2020\/07\/tamaris_neum19.jpg'><img loading=\"lazy\" decoding=\"async\" width=\"150\" height=\"150\" src=\"https:\/\/hotel-porat.ba\/wp-content\/uploads\/2020\/07\/tamaris_neum19-150x150.jpg\" class=\"attachment-thumbnail size-thumbnail\" alt=\"\" srcset=\"https:\/\/hotel-porat.ba\/wp-content\/uploads\/2020\/07\/tamaris_neum19-150x150.jpg 150w, https:\/\/hotel-porat.ba\/wp-content\/uploads\/2020\/07\/tamaris_neum19-100x100.jpg 100w\" sizes=\"(max-width: 150px) 100vw, 150px\" \/><\/a>\n\t\t\t<\/div><\/figure><figure class='gallery-item'>\n\t\t\t<div class='gallery-icon landscape'>\n\t\t\t\t<a href='https:\/\/hotel-porat.ba\/wp-content\/uploads\/2020\/07\/tamaris_neum20.jpg'><img loading=\"lazy\" decoding=\"async\" width=\"150\" height=\"150\" src=\"https:\/\/hotel-porat.ba\/wp-content\/uploads\/2020\/07\/tamaris_neum20-150x150.jpg\" class=\"attachment-thumbnail size-thumbnail\" alt=\"\" srcset=\"https:\/\/hotel-porat.ba\/wp-content\/uploads\/2020\/07\/tamaris_neum20-150x150.jpg 150w, https:\/\/hotel-porat.ba\/wp-content\/uploads\/2020\/07\/tamaris_neum20-100x100.jpg 100w\" sizes=\"(max-width: 150px) 100vw, 150px\" \/><\/a>\n\t\t\t<\/div><\/figure><figure class='gallery-item'>\n\t\t\t<div class='gallery-icon landscape'>\n\t\t\t\t<a href='https:\/\/hotel-porat.ba\/wp-content\/uploads\/2020\/07\/tamaris_neum21.jpg'><img loading=\"lazy\" decoding=\"async\" width=\"150\" height=\"150\" src=\"https:\/\/hotel-porat.ba\/wp-content\/uploads\/2020\/07\/tamaris_neum21-150x150.jpg\" class=\"attachment-thumbnail size-thumbnail\" alt=\"\" srcset=\"https:\/\/hotel-porat.ba\/wp-content\/uploads\/2020\/07\/tamaris_neum21-150x150.jpg 150w, https:\/\/hotel-porat.ba\/wp-content\/uploads\/2020\/07\/tamaris_neum21-100x100.jpg 100w\" sizes=\"(max-width: 150px) 100vw, 150px\" \/><\/a>\n\t\t\t<\/div><\/figure><figure class='gallery-item'>\n\t\t\t<div class='gallery-icon landscape'>\n\t\t\t\t<a href='https:\/\/hotel-porat.ba\/wp-content\/uploads\/2020\/07\/tamaris_neum22.jpg'><img loading=\"lazy\" decoding=\"async\" width=\"150\" height=\"150\" src=\"https:\/\/hotel-porat.ba\/wp-content\/uploads\/2020\/07\/tamaris_neum22-150x150.jpg\" class=\"attachment-thumbnail size-thumbnail\" alt=\"\" srcset=\"https:\/\/hotel-porat.ba\/wp-content\/uploads\/2020\/07\/tamaris_neum22-150x150.jpg 150w, https:\/\/hotel-porat.ba\/wp-content\/uploads\/2020\/07\/tamaris_neum22-100x100.jpg 100w\" sizes=\"(max-width: 150px) 100vw, 150px\" \/><\/a>\n\t\t\t<\/div><\/figure><figure class='gallery-item'>\n\t\t\t<div class='gallery-icon landscape'>\n\t\t\t\t<a href='https:\/\/hotel-porat.ba\/wp-content\/uploads\/2020\/07\/tamaris_neum23.jpg'><img loading=\"lazy\" decoding=\"async\" width=\"150\" height=\"150\" src=\"https:\/\/hotel-porat.ba\/wp-content\/uploads\/2020\/07\/tamaris_neum23-150x150.jpg\" class=\"attachment-thumbnail size-thumbnail\" alt=\"\" srcset=\"https:\/\/hotel-porat.ba\/wp-content\/uploads\/2020\/07\/tamaris_neum23-150x150.jpg 150w, https:\/\/hotel-porat.ba\/wp-content\/uploads\/2020\/07\/tamaris_neum23-100x100.jpg 100w\" sizes=\"(max-width: 150px) 100vw, 150px\" \/><\/a>\n\t\t\t<\/div><\/figure><figure class='gallery-item'>\n\t\t\t<div class='gallery-icon landscape'>\n\t\t\t\t<a href='https:\/\/hotel-porat.ba\/wp-content\/uploads\/2020\/07\/tamaris_neum24.jpg'><img loading=\"lazy\" decoding=\"async\" width=\"150\" height=\"150\" src=\"https:\/\/hotel-porat.ba\/wp-content\/uploads\/2020\/07\/tamaris_neum24-150x150.jpg\" class=\"attachment-thumbnail size-thumbnail\" alt=\"\" srcset=\"https:\/\/hotel-porat.ba\/wp-content\/uploads\/2020\/07\/tamaris_neum24-150x150.jpg 150w, https:\/\/hotel-porat.ba\/wp-content\/uploads\/2020\/07\/tamaris_neum24-100x100.jpg 100w\" sizes=\"(max-width: 150px) 100vw, 150px\" \/><\/a>\n\t\t\t<\/div><\/figure><figure class='gallery-item'>\n\t\t\t<div class='gallery-icon landscape'>\n\t\t\t\t<a href='https:\/\/hotel-porat.ba\/wp-content\/uploads\/2020\/07\/tamaris_neum25.jpg'><img loading=\"lazy\" decoding=\"async\" width=\"150\" height=\"150\" src=\"https:\/\/hotel-porat.ba\/wp-content\/uploads\/2020\/07\/tamaris_neum25-150x150.jpg\" class=\"attachment-thumbnail size-thumbnail\" alt=\"\" srcset=\"https:\/\/hotel-porat.ba\/wp-content\/uploads\/2020\/07\/tamaris_neum25-150x150.jpg 150w, https:\/\/hotel-porat.ba\/wp-content\/uploads\/2020\/07\/tamaris_neum25-100x100.jpg 100w\" sizes=\"(max-width: 150px) 100vw, 150px\" \/><\/a>\n\t\t\t<\/div><\/figure>\n\t\t<\/div>\n\n\t\t\t\t\t\t<\/div>\n\t\t\t\t<\/div>\n\t\t\t\t\t<\/div>\n\t\t<\/div>\n\t\t\t\t\t<\/div>\n\t\t<\/section>\n\t\t\t\t<\/div>\n\t\t","protected":false},"excerpt":{"rendered":"<p>Wir bieten unseren G\u00e4sten auch Unterk\u00fcnfte in unseren Apartments &#8220;Tamaris&#8221;, die weniger als 1 km vom Strand Neum in Neum entfernt liegen und Unterk\u00fcnfte mit Sitzbereich und kostenfreiem WLAN bieten. Der Morgen ist in Sonnenschein getaucht, der Duft mediterraner Pflanzen und der Geruch und L\u00e4rm des Meeres \u2013 im Hotel[&#8230;]<\/p>\n","protected":false},"author":1,"featured_media":1961,"parent":0,"menu_order":0,"comment_status":"closed","ping_status":"closed","template":"","meta":{"footnotes":""},"class_list":["post-1989","page","type-page","status-publish","has-post-thumbnail","hentry"],"_links":{"self":[{"href":"https:\/\/hotel-porat.ba\/index.php\/wp-json\/wp\/v2\/pages\/1989","targetHints":{"allow":["GET"]}}],"collection":[{"href":"https:\/\/hotel-porat.ba\/index.php\/wp-json\/wp\/v2\/pages"}],"about":[{"href":"https:\/\/hotel-porat.ba\/index.php\/wp-json\/wp\/v2\/types\/page"}],"author":[{"embeddable":true,"href":"https:\/\/hotel-porat.ba\/index.php\/wp-json\/wp\/v2\/users\/1"}],"replies":[{"embeddable":true,"href":"https:\/\/hotel-porat.ba\/index.php\/wp-json\/wp\/v2\/comments?post=1989"}],"version-history":[{"count":1,"href":"https:\/\/hotel-porat.ba\/index.php\/wp-json\/wp\/v2\/pages\/1989\/revisions"}],"predecessor-version":[{"id":1990,"href":"https:\/\/hotel-porat.ba\/index.php\/wp-json\/wp\/v2\/pages\/1989\/revisions\/1990"}],"wp:featuredmedia":[{"embeddable":true,"href":"https:\/\/hotel-porat.ba\/index.php\/wp-json\/wp\/v2\/media\/1961"}],"wp:attachment":[{"href":"https:\/\/hotel-porat.ba\/index.php\/wp-json\/wp\/v2\/media?parent=1989"}],"curies":[{"name":"wp","href":"https:\/\/api.w.org\/{rel}","templated":true}]}}