{"id":1984,"date":"2020-07-11T08:10:40","date_gmt":"2020-07-11T08:10:40","guid":{"rendered":"https:\/\/hotel-porat.ba\/index.php\/hotel-porat\/"},"modified":"2020-07-11T08:10:40","modified_gmt":"2020-07-11T08:10:40","slug":"hotel-porat","status":"publish","type":"page","link":"https:\/\/hotel-porat.ba\/index.php\/hotel-porat\/?lang=de","title":{"rendered":"Hotel &#8220;PORAT&#8221;"},"content":{"rendered":"<p class=\"excerpt\">Das Hotel verf\u00fcgt \u00fcber modern und komfortabel eingerichtete Doppel- und Dreibettzimmer, Studio-Apartments und Hotelsuiten, von denen die meisten das Meer und die wundersch\u00f6ne Neum-Klek-Bucht \u00fcberblicken. Alle Zimmer und Suiten sind ausgestattet mit: Sat-TV, Telefon, Internet, Klimaanlage, Minik\u00fcche oder Minibar, Balkon\u2026<\/p>\n<blockquote class=\"alignleft six columns alpha\"><p>Der Morgen ist in Sonnenschein getaucht, der Duft mediterraner Pflanzen und der Geruch und L\u00e4rm des Meeres \u2013 im Hotel PORAT in Neum wird ein Traum wahr.<\/p><\/blockquote>\n<p>Innerhalb des vollklimatisierten Hotels stehen Ihnen zur Verf\u00fcgung: Unterkunft in luxuri\u00f6s eingerichteten Apartments, Studio-Apartments und Zimmern sowie ein Hotelrestaurant, eine Caf\u00e9-Bar und eine Sommerterrasse. Direkt vor der Unterkunft befindet sich ein angelegter Strand, an dem Sie Liegest\u00fchle und Sonnenschirme mieten k\u00f6nnen. Das kristallklare Meer der Neum-Klek-Bucht l\u00e4dt zum Eintauchen und Erfrischen ein. Das Hotel PORAT mit seinem aufmerksamen Personal und vielen Einrichtungen wird gerne jeden Wunsch erf\u00fcllen und Ihren Urlaub unvergesslich machen.<br \/>\nDas Hotel organisiert Ausfl\u00fcge zu bekannten Touristenzentren wie Dubrovnik, Korcula, Ston, Mostar und Medjugorje und bietet gegen Aufpreis auch den Transport von Passagieren zu \/ von den Flugh\u00e4fen Dubrovnik, Mostar und Split an.<\/p>\n<h3>Galerie<\/h3>\n<div id='gallery-1' class='gallery galleryid-1984 gallery-columns-4 gallery-size-thumbnail'><figure class='gallery-item'>\n\t\t\t<div class='gallery-icon landscape'>\n\t\t\t\t<a href='https:\/\/hotel-porat.ba\/wp-content\/uploads\/2019\/05\/smjestaj_24-1.jpg'><img decoding=\"async\" width=\"150\" height=\"150\" src=\"https:\/\/hotel-porat.ba\/wp-content\/uploads\/2019\/05\/smjestaj_24-1-150x150.jpg\" class=\"attachment-thumbnail size-thumbnail\" alt=\"\" srcset=\"https:\/\/hotel-porat.ba\/wp-content\/uploads\/2019\/05\/smjestaj_24-1-150x150.jpg 150w, https:\/\/hotel-porat.ba\/wp-content\/uploads\/2019\/05\/smjestaj_24-1-100x100.jpg 100w\" sizes=\"(max-width: 150px) 100vw, 150px\" \/><\/a>\n\t\t\t<\/div><\/figure><figure class='gallery-item'>\n\t\t\t<div class='gallery-icon portrait'>\n\t\t\t\t<a href='https:\/\/hotel-porat.ba\/wp-content\/uploads\/2019\/05\/smjestaj_01-2.jpg'><img decoding=\"async\" width=\"150\" height=\"150\" src=\"https:\/\/hotel-porat.ba\/wp-content\/uploads\/2019\/05\/smjestaj_01-2-150x150.jpg\" class=\"attachment-thumbnail size-thumbnail\" alt=\"\" srcset=\"https:\/\/hotel-porat.ba\/wp-content\/uploads\/2019\/05\/smjestaj_01-2-150x150.jpg 150w, https:\/\/hotel-porat.ba\/wp-content\/uploads\/2019\/05\/smjestaj_01-2-100x100.jpg 100w\" sizes=\"(max-width: 150px) 100vw, 150px\" \/><\/a>\n\t\t\t<\/div><\/figure><figure class='gallery-item'>\n\t\t\t<div class='gallery-icon portrait'>\n\t\t\t\t<a href='https:\/\/hotel-porat.ba\/wp-content\/uploads\/2019\/05\/smjestaj_02-2.jpg'><img decoding=\"async\" width=\"150\" height=\"150\" src=\"https:\/\/hotel-porat.ba\/wp-content\/uploads\/2019\/05\/smjestaj_02-2-150x150.jpg\" class=\"attachment-thumbnail size-thumbnail\" alt=\"\" srcset=\"https:\/\/hotel-porat.ba\/wp-content\/uploads\/2019\/05\/smjestaj_02-2-150x150.jpg 150w, https:\/\/hotel-porat.ba\/wp-content\/uploads\/2019\/05\/smjestaj_02-2-100x100.jpg 100w\" sizes=\"(max-width: 150px) 100vw, 150px\" \/><\/a>\n\t\t\t<\/div><\/figure><figure class='gallery-item'>\n\t\t\t<div class='gallery-icon landscape'>\n\t\t\t\t<a href='https:\/\/hotel-porat.ba\/wp-content\/uploads\/2019\/05\/smjestaj_03-2.jpg'><img loading=\"lazy\" decoding=\"async\" width=\"150\" height=\"150\" src=\"https:\/\/hotel-porat.ba\/wp-content\/uploads\/2019\/05\/smjestaj_03-2-150x150.jpg\" class=\"attachment-thumbnail size-thumbnail\" alt=\"\" srcset=\"https:\/\/hotel-porat.ba\/wp-content\/uploads\/2019\/05\/smjestaj_03-2-150x150.jpg 150w, https:\/\/hotel-porat.ba\/wp-content\/uploads\/2019\/05\/smjestaj_03-2-100x100.jpg 100w\" sizes=\"(max-width: 150px) 100vw, 150px\" \/><\/a>\n\t\t\t<\/div><\/figure><figure class='gallery-item'>\n\t\t\t<div class='gallery-icon landscape'>\n\t\t\t\t<a href='https:\/\/hotel-porat.ba\/wp-content\/uploads\/2019\/05\/smjestaj_04-2.jpg'><img loading=\"lazy\" decoding=\"async\" width=\"150\" height=\"150\" src=\"https:\/\/hotel-porat.ba\/wp-content\/uploads\/2019\/05\/smjestaj_04-2-150x150.jpg\" class=\"attachment-thumbnail size-thumbnail\" alt=\"\" srcset=\"https:\/\/hotel-porat.ba\/wp-content\/uploads\/2019\/05\/smjestaj_04-2-150x150.jpg 150w, https:\/\/hotel-porat.ba\/wp-content\/uploads\/2019\/05\/smjestaj_04-2-100x100.jpg 100w\" sizes=\"(max-width: 150px) 100vw, 150px\" \/><\/a>\n\t\t\t<\/div><\/figure><figure class='gallery-item'>\n\t\t\t<div class='gallery-icon landscape'>\n\t\t\t\t<a href='https:\/\/hotel-porat.ba\/wp-content\/uploads\/2019\/05\/smjestaj_05-2.jpg'><img loading=\"lazy\" decoding=\"async\" width=\"150\" height=\"150\" src=\"https:\/\/hotel-porat.ba\/wp-content\/uploads\/2019\/05\/smjestaj_05-2-150x150.jpg\" class=\"attachment-thumbnail size-thumbnail\" alt=\"\" srcset=\"https:\/\/hotel-porat.ba\/wp-content\/uploads\/2019\/05\/smjestaj_05-2-150x150.jpg 150w, https:\/\/hotel-porat.ba\/wp-content\/uploads\/2019\/05\/smjestaj_05-2-100x100.jpg 100w\" sizes=\"(max-width: 150px) 100vw, 150px\" \/><\/a>\n\t\t\t<\/div><\/figure><figure class='gallery-item'>\n\t\t\t<div class='gallery-icon portrait'>\n\t\t\t\t<a href='https:\/\/hotel-porat.ba\/wp-content\/uploads\/2019\/05\/smjestaj_06-2.jpg'><img loading=\"lazy\" decoding=\"async\" width=\"150\" height=\"150\" src=\"https:\/\/hotel-porat.ba\/wp-content\/uploads\/2019\/05\/smjestaj_06-2-150x150.jpg\" class=\"attachment-thumbnail size-thumbnail\" alt=\"\" srcset=\"https:\/\/hotel-porat.ba\/wp-content\/uploads\/2019\/05\/smjestaj_06-2-150x150.jpg 150w, https:\/\/hotel-porat.ba\/wp-content\/uploads\/2019\/05\/smjestaj_06-2-100x100.jpg 100w\" sizes=\"(max-width: 150px) 100vw, 150px\" \/><\/a>\n\t\t\t<\/div><\/figure><figure class='gallery-item'>\n\t\t\t<div class='gallery-icon landscape'>\n\t\t\t\t<a href='https:\/\/hotel-porat.ba\/wp-content\/uploads\/2019\/05\/smjestaj_07-2.jpg'><img loading=\"lazy\" decoding=\"async\" width=\"150\" height=\"150\" src=\"https:\/\/hotel-porat.ba\/wp-content\/uploads\/2019\/05\/smjestaj_07-2-150x150.jpg\" class=\"attachment-thumbnail size-thumbnail\" alt=\"\" srcset=\"https:\/\/hotel-porat.ba\/wp-content\/uploads\/2019\/05\/smjestaj_07-2-150x150.jpg 150w, https:\/\/hotel-porat.ba\/wp-content\/uploads\/2019\/05\/smjestaj_07-2-100x100.jpg 100w\" sizes=\"(max-width: 150px) 100vw, 150px\" \/><\/a>\n\t\t\t<\/div><\/figure><figure class='gallery-item'>\n\t\t\t<div class='gallery-icon landscape'>\n\t\t\t\t<a href='https:\/\/hotel-porat.ba\/wp-content\/uploads\/2019\/05\/smjestaj_08-2.jpg'><img loading=\"lazy\" decoding=\"async\" width=\"150\" height=\"150\" src=\"https:\/\/hotel-porat.ba\/wp-content\/uploads\/2019\/05\/smjestaj_08-2-150x150.jpg\" class=\"attachment-thumbnail size-thumbnail\" alt=\"\" srcset=\"https:\/\/hotel-porat.ba\/wp-content\/uploads\/2019\/05\/smjestaj_08-2-150x150.jpg 150w, https:\/\/hotel-porat.ba\/wp-content\/uploads\/2019\/05\/smjestaj_08-2-100x100.jpg 100w\" sizes=\"(max-width: 150px) 100vw, 150px\" \/><\/a>\n\t\t\t<\/div><\/figure><figure class='gallery-item'>\n\t\t\t<div class='gallery-icon landscape'>\n\t\t\t\t<a href='https:\/\/hotel-porat.ba\/wp-content\/uploads\/2019\/05\/smjestaj_09-2.jpg'><img loading=\"lazy\" decoding=\"async\" width=\"150\" height=\"150\" src=\"https:\/\/hotel-porat.ba\/wp-content\/uploads\/2019\/05\/smjestaj_09-2-150x150.jpg\" class=\"attachment-thumbnail size-thumbnail\" alt=\"\" srcset=\"https:\/\/hotel-porat.ba\/wp-content\/uploads\/2019\/05\/smjestaj_09-2-150x150.jpg 150w, https:\/\/hotel-porat.ba\/wp-content\/uploads\/2019\/05\/smjestaj_09-2-100x100.jpg 100w\" sizes=\"(max-width: 150px) 100vw, 150px\" \/><\/a>\n\t\t\t<\/div><\/figure><figure class='gallery-item'>\n\t\t\t<div class='gallery-icon landscape'>\n\t\t\t\t<a href='https:\/\/hotel-porat.ba\/wp-content\/uploads\/2019\/05\/smjestaj_10-2.jpg'><img loading=\"lazy\" decoding=\"async\" width=\"150\" height=\"150\" src=\"https:\/\/hotel-porat.ba\/wp-content\/uploads\/2019\/05\/smjestaj_10-2-150x150.jpg\" class=\"attachment-thumbnail size-thumbnail\" alt=\"\" srcset=\"https:\/\/hotel-porat.ba\/wp-content\/uploads\/2019\/05\/smjestaj_10-2-150x150.jpg 150w, https:\/\/hotel-porat.ba\/wp-content\/uploads\/2019\/05\/smjestaj_10-2-100x100.jpg 100w\" sizes=\"(max-width: 150px) 100vw, 150px\" \/><\/a>\n\t\t\t<\/div><\/figure><figure class='gallery-item'>\n\t\t\t<div class='gallery-icon portrait'>\n\t\t\t\t<a href='https:\/\/hotel-porat.ba\/wp-content\/uploads\/2019\/05\/smjestaj_11-2.jpg'><img loading=\"lazy\" decoding=\"async\" width=\"150\" height=\"150\" src=\"https:\/\/hotel-porat.ba\/wp-content\/uploads\/2019\/05\/smjestaj_11-2-150x150.jpg\" class=\"attachment-thumbnail size-thumbnail\" alt=\"\" srcset=\"https:\/\/hotel-porat.ba\/wp-content\/uploads\/2019\/05\/smjestaj_11-2-150x150.jpg 150w, https:\/\/hotel-porat.ba\/wp-content\/uploads\/2019\/05\/smjestaj_11-2-100x100.jpg 100w\" sizes=\"(max-width: 150px) 100vw, 150px\" \/><\/a>\n\t\t\t<\/div><\/figure><figure class='gallery-item'>\n\t\t\t<div class='gallery-icon landscape'>\n\t\t\t\t<a href='https:\/\/hotel-porat.ba\/wp-content\/uploads\/2019\/05\/smjestaj_12-2.jpg'><img loading=\"lazy\" decoding=\"async\" width=\"150\" height=\"150\" src=\"https:\/\/hotel-porat.ba\/wp-content\/uploads\/2019\/05\/smjestaj_12-2-150x150.jpg\" class=\"attachment-thumbnail size-thumbnail\" alt=\"\" srcset=\"https:\/\/hotel-porat.ba\/wp-content\/uploads\/2019\/05\/smjestaj_12-2-150x150.jpg 150w, https:\/\/hotel-porat.ba\/wp-content\/uploads\/2019\/05\/smjestaj_12-2-100x100.jpg 100w\" sizes=\"(max-width: 150px) 100vw, 150px\" \/><\/a>\n\t\t\t<\/div><\/figure><figure class='gallery-item'>\n\t\t\t<div class='gallery-icon landscape'>\n\t\t\t\t<a href='https:\/\/hotel-porat.ba\/wp-content\/uploads\/2019\/05\/smjestaj_13-2.jpg'><img loading=\"lazy\" decoding=\"async\" width=\"150\" height=\"150\" src=\"https:\/\/hotel-porat.ba\/wp-content\/uploads\/2019\/05\/smjestaj_13-2-150x150.jpg\" class=\"attachment-thumbnail size-thumbnail\" alt=\"\" srcset=\"https:\/\/hotel-porat.ba\/wp-content\/uploads\/2019\/05\/smjestaj_13-2-150x150.jpg 150w, https:\/\/hotel-porat.ba\/wp-content\/uploads\/2019\/05\/smjestaj_13-2-100x100.jpg 100w\" sizes=\"(max-width: 150px) 100vw, 150px\" \/><\/a>\n\t\t\t<\/div><\/figure><figure class='gallery-item'>\n\t\t\t<div class='gallery-icon landscape'>\n\t\t\t\t<a href='https:\/\/hotel-porat.ba\/wp-content\/uploads\/2019\/05\/smjestaj_14-2.jpg'><img loading=\"lazy\" decoding=\"async\" width=\"150\" height=\"150\" src=\"https:\/\/hotel-porat.ba\/wp-content\/uploads\/2019\/05\/smjestaj_14-2-150x150.jpg\" class=\"attachment-thumbnail size-thumbnail\" alt=\"\" srcset=\"https:\/\/hotel-porat.ba\/wp-content\/uploads\/2019\/05\/smjestaj_14-2-150x150.jpg 150w, https:\/\/hotel-porat.ba\/wp-content\/uploads\/2019\/05\/smjestaj_14-2-100x100.jpg 100w\" sizes=\"(max-width: 150px) 100vw, 150px\" \/><\/a>\n\t\t\t<\/div><\/figure><figure class='gallery-item'>\n\t\t\t<div class='gallery-icon portrait'>\n\t\t\t\t<a href='https:\/\/hotel-porat.ba\/wp-content\/uploads\/2019\/05\/smjestaj_15-2.jpg'><img loading=\"lazy\" decoding=\"async\" width=\"150\" height=\"150\" src=\"https:\/\/hotel-porat.ba\/wp-content\/uploads\/2019\/05\/smjestaj_15-2-150x150.jpg\" class=\"attachment-thumbnail size-thumbnail\" alt=\"\" srcset=\"https:\/\/hotel-porat.ba\/wp-content\/uploads\/2019\/05\/smjestaj_15-2-150x150.jpg 150w, https:\/\/hotel-porat.ba\/wp-content\/uploads\/2019\/05\/smjestaj_15-2-100x100.jpg 100w\" sizes=\"(max-width: 150px) 100vw, 150px\" \/><\/a>\n\t\t\t<\/div><\/figure><figure class='gallery-item'>\n\t\t\t<div class='gallery-icon landscape'>\n\t\t\t\t<a href='https:\/\/hotel-porat.ba\/wp-content\/uploads\/2019\/05\/smjestaj_16-2.jpg'><img loading=\"lazy\" decoding=\"async\" width=\"150\" height=\"150\" src=\"https:\/\/hotel-porat.ba\/wp-content\/uploads\/2019\/05\/smjestaj_16-2-150x150.jpg\" class=\"attachment-thumbnail size-thumbnail\" alt=\"\" srcset=\"https:\/\/hotel-porat.ba\/wp-content\/uploads\/2019\/05\/smjestaj_16-2-150x150.jpg 150w, https:\/\/hotel-porat.ba\/wp-content\/uploads\/2019\/05\/smjestaj_16-2-100x100.jpg 100w\" sizes=\"(max-width: 150px) 100vw, 150px\" \/><\/a>\n\t\t\t<\/div><\/figure><figure class='gallery-item'>\n\t\t\t<div class='gallery-icon landscape'>\n\t\t\t\t<a href='https:\/\/hotel-porat.ba\/wp-content\/uploads\/2019\/05\/smjestaj_17-2.jpg'><img loading=\"lazy\" decoding=\"async\" width=\"150\" height=\"150\" src=\"https:\/\/hotel-porat.ba\/wp-content\/uploads\/2019\/05\/smjestaj_17-2-150x150.jpg\" class=\"attachment-thumbnail size-thumbnail\" alt=\"\" srcset=\"https:\/\/hotel-porat.ba\/wp-content\/uploads\/2019\/05\/smjestaj_17-2-150x150.jpg 150w, https:\/\/hotel-porat.ba\/wp-content\/uploads\/2019\/05\/smjestaj_17-2-100x100.jpg 100w\" sizes=\"(max-width: 150px) 100vw, 150px\" \/><\/a>\n\t\t\t<\/div><\/figure><figure class='gallery-item'>\n\t\t\t<div class='gallery-icon landscape'>\n\t\t\t\t<a href='https:\/\/hotel-porat.ba\/wp-content\/uploads\/2019\/05\/smjestaj_18-2.jpg'><img loading=\"lazy\" decoding=\"async\" width=\"150\" height=\"150\" src=\"https:\/\/hotel-porat.ba\/wp-content\/uploads\/2019\/05\/smjestaj_18-2-150x150.jpg\" class=\"attachment-thumbnail size-thumbnail\" alt=\"\" srcset=\"https:\/\/hotel-porat.ba\/wp-content\/uploads\/2019\/05\/smjestaj_18-2-150x150.jpg 150w, https:\/\/hotel-porat.ba\/wp-content\/uploads\/2019\/05\/smjestaj_18-2-100x100.jpg 100w\" sizes=\"(max-width: 150px) 100vw, 150px\" \/><\/a>\n\t\t\t<\/div><\/figure><figure class='gallery-item'>\n\t\t\t<div class='gallery-icon landscape'>\n\t\t\t\t<a href='https:\/\/hotel-porat.ba\/wp-content\/uploads\/2019\/05\/smjestaj_19-2.jpg'><img loading=\"lazy\" decoding=\"async\" width=\"150\" height=\"150\" src=\"https:\/\/hotel-porat.ba\/wp-content\/uploads\/2019\/05\/smjestaj_19-2-150x150.jpg\" class=\"attachment-thumbnail size-thumbnail\" alt=\"\" srcset=\"https:\/\/hotel-porat.ba\/wp-content\/uploads\/2019\/05\/smjestaj_19-2-150x150.jpg 150w, https:\/\/hotel-porat.ba\/wp-content\/uploads\/2019\/05\/smjestaj_19-2-100x100.jpg 100w\" sizes=\"(max-width: 150px) 100vw, 150px\" \/><\/a>\n\t\t\t<\/div><\/figure><figure class='gallery-item'>\n\t\t\t<div class='gallery-icon landscape'>\n\t\t\t\t<a href='https:\/\/hotel-porat.ba\/wp-content\/uploads\/2019\/05\/smjestaj_20-2.jpg'><img loading=\"lazy\" decoding=\"async\" width=\"150\" height=\"150\" src=\"https:\/\/hotel-porat.ba\/wp-content\/uploads\/2019\/05\/smjestaj_20-2-150x150.jpg\" class=\"attachment-thumbnail size-thumbnail\" alt=\"\" srcset=\"https:\/\/hotel-porat.ba\/wp-content\/uploads\/2019\/05\/smjestaj_20-2-150x150.jpg 150w, https:\/\/hotel-porat.ba\/wp-content\/uploads\/2019\/05\/smjestaj_20-2-100x100.jpg 100w\" sizes=\"(max-width: 150px) 100vw, 150px\" \/><\/a>\n\t\t\t<\/div><\/figure><figure class='gallery-item'>\n\t\t\t<div class='gallery-icon landscape'>\n\t\t\t\t<a href='https:\/\/hotel-porat.ba\/wp-content\/uploads\/2019\/05\/smjestaj_21-2.jpg'><img loading=\"lazy\" decoding=\"async\" width=\"150\" height=\"150\" src=\"https:\/\/hotel-porat.ba\/wp-content\/uploads\/2019\/05\/smjestaj_21-2-150x150.jpg\" class=\"attachment-thumbnail size-thumbnail\" alt=\"\" srcset=\"https:\/\/hotel-porat.ba\/wp-content\/uploads\/2019\/05\/smjestaj_21-2-150x150.jpg 150w, https:\/\/hotel-porat.ba\/wp-content\/uploads\/2019\/05\/smjestaj_21-2-100x100.jpg 100w\" sizes=\"(max-width: 150px) 100vw, 150px\" \/><\/a>\n\t\t\t<\/div><\/figure><figure class='gallery-item'>\n\t\t\t<div class='gallery-icon landscape'>\n\t\t\t\t<a href='https:\/\/hotel-porat.ba\/wp-content\/uploads\/2019\/05\/smjestaj_22-2.jpg'><img loading=\"lazy\" decoding=\"async\" width=\"150\" height=\"150\" src=\"https:\/\/hotel-porat.ba\/wp-content\/uploads\/2019\/05\/smjestaj_22-2-150x150.jpg\" class=\"attachment-thumbnail size-thumbnail\" alt=\"\" srcset=\"https:\/\/hotel-porat.ba\/wp-content\/uploads\/2019\/05\/smjestaj_22-2-150x150.jpg 150w, https:\/\/hotel-porat.ba\/wp-content\/uploads\/2019\/05\/smjestaj_22-2-100x100.jpg 100w\" sizes=\"(max-width: 150px) 100vw, 150px\" \/><\/a>\n\t\t\t<\/div><\/figure><figure class='gallery-item'>\n\t\t\t<div class='gallery-icon landscape'>\n\t\t\t\t<a href='https:\/\/hotel-porat.ba\/wp-content\/uploads\/2019\/05\/smjestaj_23-2.jpg'><img loading=\"lazy\" decoding=\"async\" width=\"150\" height=\"150\" src=\"https:\/\/hotel-porat.ba\/wp-content\/uploads\/2019\/05\/smjestaj_23-2-150x150.jpg\" class=\"attachment-thumbnail size-thumbnail\" alt=\"\" srcset=\"https:\/\/hotel-porat.ba\/wp-content\/uploads\/2019\/05\/smjestaj_23-2-150x150.jpg 150w, https:\/\/hotel-porat.ba\/wp-content\/uploads\/2019\/05\/smjestaj_23-2-100x100.jpg 100w\" sizes=\"(max-width: 150px) 100vw, 150px\" \/><\/a>\n\t\t\t<\/div><\/figure><figure class='gallery-item'>\n\t\t\t<div class='gallery-icon landscape'>\n\t\t\t\t<a href='https:\/\/hotel-porat.ba\/wp-content\/uploads\/2019\/05\/smjestaj_24-2.jpg'><img loading=\"lazy\" decoding=\"async\" width=\"150\" height=\"150\" src=\"https:\/\/hotel-porat.ba\/wp-content\/uploads\/2019\/05\/smjestaj_24-2-150x150.jpg\" class=\"attachment-thumbnail size-thumbnail\" alt=\"\" srcset=\"https:\/\/hotel-porat.ba\/wp-content\/uploads\/2019\/05\/smjestaj_24-2-150x150.jpg 150w, https:\/\/hotel-porat.ba\/wp-content\/uploads\/2019\/05\/smjestaj_24-2-100x100.jpg 100w\" sizes=\"(max-width: 150px) 100vw, 150px\" \/><\/a>\n\t\t\t<\/div><\/figure>\n\t\t<\/div>\n\n","protected":false},"excerpt":{"rendered":"<p>Das Hotel verf\u00fcgt \u00fcber modern und komfortabel eingerichtete Doppel- und Dreibettzimmer, Studio-Apartments und Hotelsuiten, von denen die meisten das Meer und die wundersch\u00f6ne Neum-Klek-Bucht \u00fcberblicken. Alle Zimmer und Suiten sind ausgestattet mit: Sat-TV, Telefon, Internet, Klimaanlage, Minik\u00fcche oder Minibar, Balkon\u2026 Der Morgen ist in Sonnenschein getaucht, der Duft mediterraner Pflanzen[&#8230;]<\/p>\n","protected":false},"author":1,"featured_media":977,"parent":0,"menu_order":0,"comment_status":"closed","ping_status":"closed","template":"","meta":{"footnotes":""},"class_list":["post-1984","page","type-page","status-publish","has-post-thumbnail","hentry"],"_links":{"self":[{"href":"https:\/\/hotel-porat.ba\/index.php\/wp-json\/wp\/v2\/pages\/1984","targetHints":{"allow":["GET"]}}],"collection":[{"href":"https:\/\/hotel-porat.ba\/index.php\/wp-json\/wp\/v2\/pages"}],"about":[{"href":"https:\/\/hotel-porat.ba\/index.php\/wp-json\/wp\/v2\/types\/page"}],"author":[{"embeddable":true,"href":"https:\/\/hotel-porat.ba\/index.php\/wp-json\/wp\/v2\/users\/1"}],"replies":[{"embeddable":true,"href":"https:\/\/hotel-porat.ba\/index.php\/wp-json\/wp\/v2\/comments?post=1984"}],"version-history":[{"count":0,"href":"https:\/\/hotel-porat.ba\/index.php\/wp-json\/wp\/v2\/pages\/1984\/revisions"}],"wp:featuredmedia":[{"embeddable":true,"href":"https:\/\/hotel-porat.ba\/index.php\/wp-json\/wp\/v2\/media\/977"}],"wp:attachment":[{"href":"https:\/\/hotel-porat.ba\/index.php\/wp-json\/wp\/v2\/media?parent=1984"}],"curies":[{"name":"wp","href":"https:\/\/api.w.org\/{rel}","templated":true}]}}