{"id":1773,"date":"2020-07-01T20:50:42","date_gmt":"2020-07-01T20:50:42","guid":{"rendered":"https:\/\/hotel-porat.ba\/?page_id=1773"},"modified":"2020-07-01T21:33:51","modified_gmt":"2020-07-01T21:33:51","slug":"apartmani-tamaris","status":"publish","type":"page","link":"https:\/\/hotel-porat.ba\/index.php\/apartmani-tamaris\/","title":{"rendered":"Apartmani &#8220;TAMARIS&#8221;"},"content":{"rendered":"\t\t<div data-elementor-type=\"wp-post\" data-elementor-id=\"1773\" class=\"elementor elementor-1773\">\n\t\t\t\t\t\t<section class=\"elementor-section elementor-top-section elementor-element elementor-element-4c267004 elementor-section-boxed elementor-section-height-default elementor-section-height-default\" data-id=\"4c267004\" data-element_type=\"section\">\n\t\t\t\t\t\t<div class=\"elementor-container elementor-column-gap-default\">\n\t\t\t\t\t<div class=\"elementor-column elementor-col-100 elementor-top-column elementor-element elementor-element-4bde7861\" data-id=\"4bde7861\" data-element_type=\"column\">\n\t\t\t<div class=\"elementor-widget-wrap elementor-element-populated\">\n\t\t\t\t\t\t<div class=\"elementor-element elementor-element-7b28e1 elementor-widget elementor-widget-text-editor\" data-id=\"7b28e1\" data-element_type=\"widget\" data-widget_type=\"text-editor.default\">\n\t\t\t\t<div class=\"elementor-widget-container\">\n\t\t\t\t\t\t\t<p class=\"excerpt\"><span style=\"color: #ffffff;\">Na\u0161im gostima nudimo smje\u0161taj i u na\u0161im apartmanima &#8220;Tamaris&#8221;,\u00a0 koji se nalazi na manje od 1 km od pla\u017ee Neum u Neumu, a nudi smje\u0161taj s prostorom za sjedenje i besplatni WiFi.\u2026<\/span><\/p><blockquote class=\"alignleft six columns alpha\"><p><span style=\"color: #ffffff;\">Jutro okupano sun\u010danim zrakama, mirisi mediteranskog bilja, te miris i \u0161um mora \u2013 san je koji se ostvaruje u hotelu PORAT u Neumu.<\/span><\/p><\/blockquote><p><span style=\"color: #ffffff;\">Sve smje\u0161tajne jedinice imaju klima-ure\u0111aj, TV ravnog ekrana, dnevni boravak s kau\u010dom, dobro opremljenu kuhinju s blagovaonicom i vlastitu kupaonicu s tu\u0161em, su\u0161ilom za kosu te besplatnim kozmeti\u010dkim priborom. Sve tako\u0111er uklju\u010duju pristup poplo\u010danom dijelu dvori\u0161ta s pogledom na more.\u00a0<\/span><span style=\"color: #ffffff;\">U sklopu objekta na raspolaganju je terasa.<\/span><\/p><h3>\u00a0<\/h3><h3><span style=\"color: #ffffff;\">Galerija<\/span><\/h3><div id='gallery-1' class='gallery galleryid-1773 gallery-columns-4 gallery-size-thumbnail'><figure class='gallery-item'>\n\t\t\t<div class='gallery-icon landscape'>\n\t\t\t\t<a href='https:\/\/hotel-porat.ba\/wp-content\/uploads\/2020\/07\/tamaris_neum01.jpg'><img decoding=\"async\" width=\"150\" height=\"150\" src=\"https:\/\/hotel-porat.ba\/wp-content\/uploads\/2020\/07\/tamaris_neum01-150x150.jpg\" class=\"attachment-thumbnail size-thumbnail\" alt=\"\" srcset=\"https:\/\/hotel-porat.ba\/wp-content\/uploads\/2020\/07\/tamaris_neum01-150x150.jpg 150w, https:\/\/hotel-porat.ba\/wp-content\/uploads\/2020\/07\/tamaris_neum01-100x100.jpg 100w\" sizes=\"(max-width: 150px) 100vw, 150px\" \/><\/a>\n\t\t\t<\/div><\/figure><figure class='gallery-item'>\n\t\t\t<div class='gallery-icon landscape'>\n\t\t\t\t<a href='https:\/\/hotel-porat.ba\/wp-content\/uploads\/2020\/07\/tamaris_neum02.jpg'><img decoding=\"async\" width=\"150\" height=\"150\" src=\"https:\/\/hotel-porat.ba\/wp-content\/uploads\/2020\/07\/tamaris_neum02-150x150.jpg\" class=\"attachment-thumbnail size-thumbnail\" alt=\"\" srcset=\"https:\/\/hotel-porat.ba\/wp-content\/uploads\/2020\/07\/tamaris_neum02-150x150.jpg 150w, https:\/\/hotel-porat.ba\/wp-content\/uploads\/2020\/07\/tamaris_neum02-100x100.jpg 100w\" sizes=\"(max-width: 150px) 100vw, 150px\" \/><\/a>\n\t\t\t<\/div><\/figure><figure class='gallery-item'>\n\t\t\t<div class='gallery-icon landscape'>\n\t\t\t\t<a href='https:\/\/hotel-porat.ba\/wp-content\/uploads\/2020\/07\/tamaris_neum03.jpg'><img decoding=\"async\" width=\"150\" height=\"150\" src=\"https:\/\/hotel-porat.ba\/wp-content\/uploads\/2020\/07\/tamaris_neum03-150x150.jpg\" class=\"attachment-thumbnail size-thumbnail\" alt=\"\" srcset=\"https:\/\/hotel-porat.ba\/wp-content\/uploads\/2020\/07\/tamaris_neum03-150x150.jpg 150w, https:\/\/hotel-porat.ba\/wp-content\/uploads\/2020\/07\/tamaris_neum03-100x100.jpg 100w\" sizes=\"(max-width: 150px) 100vw, 150px\" \/><\/a>\n\t\t\t<\/div><\/figure><figure class='gallery-item'>\n\t\t\t<div class='gallery-icon landscape'>\n\t\t\t\t<a href='https:\/\/hotel-porat.ba\/wp-content\/uploads\/2020\/07\/tamaris_neum04.jpg'><img loading=\"lazy\" decoding=\"async\" width=\"150\" height=\"150\" src=\"https:\/\/hotel-porat.ba\/wp-content\/uploads\/2020\/07\/tamaris_neum04-150x150.jpg\" class=\"attachment-thumbnail size-thumbnail\" alt=\"\" srcset=\"https:\/\/hotel-porat.ba\/wp-content\/uploads\/2020\/07\/tamaris_neum04-150x150.jpg 150w, https:\/\/hotel-porat.ba\/wp-content\/uploads\/2020\/07\/tamaris_neum04-100x100.jpg 100w\" sizes=\"(max-width: 150px) 100vw, 150px\" \/><\/a>\n\t\t\t<\/div><\/figure><figure class='gallery-item'>\n\t\t\t<div class='gallery-icon landscape'>\n\t\t\t\t<a href='https:\/\/hotel-porat.ba\/wp-content\/uploads\/2020\/07\/tamaris_neum05.jpg'><img loading=\"lazy\" decoding=\"async\" width=\"150\" height=\"150\" src=\"https:\/\/hotel-porat.ba\/wp-content\/uploads\/2020\/07\/tamaris_neum05-150x150.jpg\" class=\"attachment-thumbnail size-thumbnail\" alt=\"\" srcset=\"https:\/\/hotel-porat.ba\/wp-content\/uploads\/2020\/07\/tamaris_neum05-150x150.jpg 150w, https:\/\/hotel-porat.ba\/wp-content\/uploads\/2020\/07\/tamaris_neum05-100x100.jpg 100w\" sizes=\"(max-width: 150px) 100vw, 150px\" \/><\/a>\n\t\t\t<\/div><\/figure><figure class='gallery-item'>\n\t\t\t<div class='gallery-icon landscape'>\n\t\t\t\t<a href='https:\/\/hotel-porat.ba\/wp-content\/uploads\/2020\/07\/tamaris_neum06.jpg'><img loading=\"lazy\" decoding=\"async\" width=\"150\" height=\"150\" src=\"https:\/\/hotel-porat.ba\/wp-content\/uploads\/2020\/07\/tamaris_neum06-150x150.jpg\" class=\"attachment-thumbnail size-thumbnail\" alt=\"\" srcset=\"https:\/\/hotel-porat.ba\/wp-content\/uploads\/2020\/07\/tamaris_neum06-150x150.jpg 150w, https:\/\/hotel-porat.ba\/wp-content\/uploads\/2020\/07\/tamaris_neum06-100x100.jpg 100w\" sizes=\"(max-width: 150px) 100vw, 150px\" \/><\/a>\n\t\t\t<\/div><\/figure><figure class='gallery-item'>\n\t\t\t<div class='gallery-icon landscape'>\n\t\t\t\t<a href='https:\/\/hotel-porat.ba\/wp-content\/uploads\/2020\/07\/tamaris_neum07.jpg'><img loading=\"lazy\" decoding=\"async\" width=\"150\" height=\"150\" src=\"https:\/\/hotel-porat.ba\/wp-content\/uploads\/2020\/07\/tamaris_neum07-150x150.jpg\" class=\"attachment-thumbnail size-thumbnail\" alt=\"\" srcset=\"https:\/\/hotel-porat.ba\/wp-content\/uploads\/2020\/07\/tamaris_neum07-150x150.jpg 150w, https:\/\/hotel-porat.ba\/wp-content\/uploads\/2020\/07\/tamaris_neum07-100x100.jpg 100w\" sizes=\"(max-width: 150px) 100vw, 150px\" \/><\/a>\n\t\t\t<\/div><\/figure><figure class='gallery-item'>\n\t\t\t<div class='gallery-icon landscape'>\n\t\t\t\t<a href='https:\/\/hotel-porat.ba\/wp-content\/uploads\/2020\/07\/tamaris_neum08.jpg'><img loading=\"lazy\" decoding=\"async\" width=\"150\" height=\"150\" src=\"https:\/\/hotel-porat.ba\/wp-content\/uploads\/2020\/07\/tamaris_neum08-150x150.jpg\" class=\"attachment-thumbnail size-thumbnail\" alt=\"\" srcset=\"https:\/\/hotel-porat.ba\/wp-content\/uploads\/2020\/07\/tamaris_neum08-150x150.jpg 150w, https:\/\/hotel-porat.ba\/wp-content\/uploads\/2020\/07\/tamaris_neum08-100x100.jpg 100w\" sizes=\"(max-width: 150px) 100vw, 150px\" \/><\/a>\n\t\t\t<\/div><\/figure><figure class='gallery-item'>\n\t\t\t<div class='gallery-icon landscape'>\n\t\t\t\t<a href='https:\/\/hotel-porat.ba\/wp-content\/uploads\/2020\/07\/tamaris_neum09.jpg'><img loading=\"lazy\" decoding=\"async\" width=\"150\" height=\"150\" src=\"https:\/\/hotel-porat.ba\/wp-content\/uploads\/2020\/07\/tamaris_neum09-150x150.jpg\" class=\"attachment-thumbnail size-thumbnail\" alt=\"\" srcset=\"https:\/\/hotel-porat.ba\/wp-content\/uploads\/2020\/07\/tamaris_neum09-150x150.jpg 150w, https:\/\/hotel-porat.ba\/wp-content\/uploads\/2020\/07\/tamaris_neum09-100x100.jpg 100w\" sizes=\"(max-width: 150px) 100vw, 150px\" \/><\/a>\n\t\t\t<\/div><\/figure><figure class='gallery-item'>\n\t\t\t<div class='gallery-icon landscape'>\n\t\t\t\t<a href='https:\/\/hotel-porat.ba\/wp-content\/uploads\/2020\/07\/tamaris_neum10.jpg'><img loading=\"lazy\" decoding=\"async\" width=\"150\" height=\"150\" src=\"https:\/\/hotel-porat.ba\/wp-content\/uploads\/2020\/07\/tamaris_neum10-150x150.jpg\" class=\"attachment-thumbnail size-thumbnail\" alt=\"\" srcset=\"https:\/\/hotel-porat.ba\/wp-content\/uploads\/2020\/07\/tamaris_neum10-150x150.jpg 150w, https:\/\/hotel-porat.ba\/wp-content\/uploads\/2020\/07\/tamaris_neum10-100x100.jpg 100w\" sizes=\"(max-width: 150px) 100vw, 150px\" \/><\/a>\n\t\t\t<\/div><\/figure><figure class='gallery-item'>\n\t\t\t<div class='gallery-icon landscape'>\n\t\t\t\t<a href='https:\/\/hotel-porat.ba\/wp-content\/uploads\/2020\/07\/tamaris_neum11.jpg'><img loading=\"lazy\" decoding=\"async\" width=\"150\" height=\"150\" src=\"https:\/\/hotel-porat.ba\/wp-content\/uploads\/2020\/07\/tamaris_neum11-150x150.jpg\" class=\"attachment-thumbnail size-thumbnail\" alt=\"\" srcset=\"https:\/\/hotel-porat.ba\/wp-content\/uploads\/2020\/07\/tamaris_neum11-150x150.jpg 150w, https:\/\/hotel-porat.ba\/wp-content\/uploads\/2020\/07\/tamaris_neum11-100x100.jpg 100w\" sizes=\"(max-width: 150px) 100vw, 150px\" \/><\/a>\n\t\t\t<\/div><\/figure><figure class='gallery-item'>\n\t\t\t<div class='gallery-icon landscape'>\n\t\t\t\t<a href='https:\/\/hotel-porat.ba\/wp-content\/uploads\/2020\/07\/tamaris_neum12.jpg'><img loading=\"lazy\" decoding=\"async\" width=\"150\" height=\"150\" src=\"https:\/\/hotel-porat.ba\/wp-content\/uploads\/2020\/07\/tamaris_neum12-150x150.jpg\" class=\"attachment-thumbnail size-thumbnail\" alt=\"\" srcset=\"https:\/\/hotel-porat.ba\/wp-content\/uploads\/2020\/07\/tamaris_neum12-150x150.jpg 150w, https:\/\/hotel-porat.ba\/wp-content\/uploads\/2020\/07\/tamaris_neum12-100x100.jpg 100w\" sizes=\"(max-width: 150px) 100vw, 150px\" \/><\/a>\n\t\t\t<\/div><\/figure><figure class='gallery-item'>\n\t\t\t<div class='gallery-icon landscape'>\n\t\t\t\t<a href='https:\/\/hotel-porat.ba\/wp-content\/uploads\/2020\/07\/tamaris_neum13.jpg'><img loading=\"lazy\" decoding=\"async\" width=\"150\" height=\"150\" src=\"https:\/\/hotel-porat.ba\/wp-content\/uploads\/2020\/07\/tamaris_neum13-150x150.jpg\" class=\"attachment-thumbnail size-thumbnail\" alt=\"\" srcset=\"https:\/\/hotel-porat.ba\/wp-content\/uploads\/2020\/07\/tamaris_neum13-150x150.jpg 150w, https:\/\/hotel-porat.ba\/wp-content\/uploads\/2020\/07\/tamaris_neum13-100x100.jpg 100w\" sizes=\"(max-width: 150px) 100vw, 150px\" \/><\/a>\n\t\t\t<\/div><\/figure><figure class='gallery-item'>\n\t\t\t<div class='gallery-icon landscape'>\n\t\t\t\t<a href='https:\/\/hotel-porat.ba\/wp-content\/uploads\/2020\/07\/tamaris_neum14.jpg'><img loading=\"lazy\" decoding=\"async\" width=\"150\" height=\"150\" src=\"https:\/\/hotel-porat.ba\/wp-content\/uploads\/2020\/07\/tamaris_neum14-150x150.jpg\" class=\"attachment-thumbnail size-thumbnail\" alt=\"\" srcset=\"https:\/\/hotel-porat.ba\/wp-content\/uploads\/2020\/07\/tamaris_neum14-150x150.jpg 150w, https:\/\/hotel-porat.ba\/wp-content\/uploads\/2020\/07\/tamaris_neum14-100x100.jpg 100w\" sizes=\"(max-width: 150px) 100vw, 150px\" \/><\/a>\n\t\t\t<\/div><\/figure><figure class='gallery-item'>\n\t\t\t<div class='gallery-icon landscape'>\n\t\t\t\t<a href='https:\/\/hotel-porat.ba\/wp-content\/uploads\/2020\/07\/tamaris_neum15.jpg'><img loading=\"lazy\" decoding=\"async\" width=\"150\" height=\"150\" src=\"https:\/\/hotel-porat.ba\/wp-content\/uploads\/2020\/07\/tamaris_neum15-150x150.jpg\" class=\"attachment-thumbnail size-thumbnail\" alt=\"\" srcset=\"https:\/\/hotel-porat.ba\/wp-content\/uploads\/2020\/07\/tamaris_neum15-150x150.jpg 150w, https:\/\/hotel-porat.ba\/wp-content\/uploads\/2020\/07\/tamaris_neum15-100x100.jpg 100w\" sizes=\"(max-width: 150px) 100vw, 150px\" \/><\/a>\n\t\t\t<\/div><\/figure><figure class='gallery-item'>\n\t\t\t<div class='gallery-icon landscape'>\n\t\t\t\t<a href='https:\/\/hotel-porat.ba\/wp-content\/uploads\/2020\/07\/tamaris_neum16.jpg'><img loading=\"lazy\" decoding=\"async\" width=\"150\" height=\"150\" src=\"https:\/\/hotel-porat.ba\/wp-content\/uploads\/2020\/07\/tamaris_neum16-150x150.jpg\" class=\"attachment-thumbnail size-thumbnail\" alt=\"\" srcset=\"https:\/\/hotel-porat.ba\/wp-content\/uploads\/2020\/07\/tamaris_neum16-150x150.jpg 150w, https:\/\/hotel-porat.ba\/wp-content\/uploads\/2020\/07\/tamaris_neum16-100x100.jpg 100w\" sizes=\"(max-width: 150px) 100vw, 150px\" \/><\/a>\n\t\t\t<\/div><\/figure><figure class='gallery-item'>\n\t\t\t<div class='gallery-icon landscape'>\n\t\t\t\t<a href='https:\/\/hotel-porat.ba\/wp-content\/uploads\/2020\/07\/tamaris_neum17.jpg'><img loading=\"lazy\" decoding=\"async\" width=\"150\" height=\"150\" src=\"https:\/\/hotel-porat.ba\/wp-content\/uploads\/2020\/07\/tamaris_neum17-150x150.jpg\" class=\"attachment-thumbnail size-thumbnail\" alt=\"\" srcset=\"https:\/\/hotel-porat.ba\/wp-content\/uploads\/2020\/07\/tamaris_neum17-150x150.jpg 150w, https:\/\/hotel-porat.ba\/wp-content\/uploads\/2020\/07\/tamaris_neum17-100x100.jpg 100w\" sizes=\"(max-width: 150px) 100vw, 150px\" \/><\/a>\n\t\t\t<\/div><\/figure><figure class='gallery-item'>\n\t\t\t<div class='gallery-icon landscape'>\n\t\t\t\t<a href='https:\/\/hotel-porat.ba\/wp-content\/uploads\/2020\/07\/tamaris_neum18.jpg'><img loading=\"lazy\" decoding=\"async\" width=\"150\" height=\"150\" src=\"https:\/\/hotel-porat.ba\/wp-content\/uploads\/2020\/07\/tamaris_neum18-150x150.jpg\" class=\"attachment-thumbnail size-thumbnail\" alt=\"\" srcset=\"https:\/\/hotel-porat.ba\/wp-content\/uploads\/2020\/07\/tamaris_neum18-150x150.jpg 150w, https:\/\/hotel-porat.ba\/wp-content\/uploads\/2020\/07\/tamaris_neum18-100x100.jpg 100w\" sizes=\"(max-width: 150px) 100vw, 150px\" \/><\/a>\n\t\t\t<\/div><\/figure><figure class='gallery-item'>\n\t\t\t<div class='gallery-icon landscape'>\n\t\t\t\t<a href='https:\/\/hotel-porat.ba\/wp-content\/uploads\/2020\/07\/tamaris_neum19.jpg'><img loading=\"lazy\" decoding=\"async\" width=\"150\" height=\"150\" src=\"https:\/\/hotel-porat.ba\/wp-content\/uploads\/2020\/07\/tamaris_neum19-150x150.jpg\" class=\"attachment-thumbnail size-thumbnail\" alt=\"\" srcset=\"https:\/\/hotel-porat.ba\/wp-content\/uploads\/2020\/07\/tamaris_neum19-150x150.jpg 150w, https:\/\/hotel-porat.ba\/wp-content\/uploads\/2020\/07\/tamaris_neum19-100x100.jpg 100w\" sizes=\"(max-width: 150px) 100vw, 150px\" \/><\/a>\n\t\t\t<\/div><\/figure><figure class='gallery-item'>\n\t\t\t<div class='gallery-icon landscape'>\n\t\t\t\t<a href='https:\/\/hotel-porat.ba\/wp-content\/uploads\/2020\/07\/tamaris_neum20.jpg'><img loading=\"lazy\" decoding=\"async\" width=\"150\" height=\"150\" src=\"https:\/\/hotel-porat.ba\/wp-content\/uploads\/2020\/07\/tamaris_neum20-150x150.jpg\" class=\"attachment-thumbnail size-thumbnail\" alt=\"\" srcset=\"https:\/\/hotel-porat.ba\/wp-content\/uploads\/2020\/07\/tamaris_neum20-150x150.jpg 150w, https:\/\/hotel-porat.ba\/wp-content\/uploads\/2020\/07\/tamaris_neum20-100x100.jpg 100w\" sizes=\"(max-width: 150px) 100vw, 150px\" \/><\/a>\n\t\t\t<\/div><\/figure><figure class='gallery-item'>\n\t\t\t<div class='gallery-icon landscape'>\n\t\t\t\t<a href='https:\/\/hotel-porat.ba\/wp-content\/uploads\/2020\/07\/tamaris_neum21.jpg'><img loading=\"lazy\" decoding=\"async\" width=\"150\" height=\"150\" src=\"https:\/\/hotel-porat.ba\/wp-content\/uploads\/2020\/07\/tamaris_neum21-150x150.jpg\" class=\"attachment-thumbnail size-thumbnail\" alt=\"\" srcset=\"https:\/\/hotel-porat.ba\/wp-content\/uploads\/2020\/07\/tamaris_neum21-150x150.jpg 150w, https:\/\/hotel-porat.ba\/wp-content\/uploads\/2020\/07\/tamaris_neum21-100x100.jpg 100w\" sizes=\"(max-width: 150px) 100vw, 150px\" \/><\/a>\n\t\t\t<\/div><\/figure><figure class='gallery-item'>\n\t\t\t<div class='gallery-icon landscape'>\n\t\t\t\t<a href='https:\/\/hotel-porat.ba\/wp-content\/uploads\/2020\/07\/tamaris_neum22.jpg'><img loading=\"lazy\" decoding=\"async\" width=\"150\" height=\"150\" src=\"https:\/\/hotel-porat.ba\/wp-content\/uploads\/2020\/07\/tamaris_neum22-150x150.jpg\" class=\"attachment-thumbnail size-thumbnail\" alt=\"\" srcset=\"https:\/\/hotel-porat.ba\/wp-content\/uploads\/2020\/07\/tamaris_neum22-150x150.jpg 150w, https:\/\/hotel-porat.ba\/wp-content\/uploads\/2020\/07\/tamaris_neum22-100x100.jpg 100w\" sizes=\"(max-width: 150px) 100vw, 150px\" \/><\/a>\n\t\t\t<\/div><\/figure><figure class='gallery-item'>\n\t\t\t<div class='gallery-icon landscape'>\n\t\t\t\t<a href='https:\/\/hotel-porat.ba\/wp-content\/uploads\/2020\/07\/tamaris_neum23.jpg'><img loading=\"lazy\" decoding=\"async\" width=\"150\" height=\"150\" src=\"https:\/\/hotel-porat.ba\/wp-content\/uploads\/2020\/07\/tamaris_neum23-150x150.jpg\" class=\"attachment-thumbnail size-thumbnail\" alt=\"\" srcset=\"https:\/\/hotel-porat.ba\/wp-content\/uploads\/2020\/07\/tamaris_neum23-150x150.jpg 150w, https:\/\/hotel-porat.ba\/wp-content\/uploads\/2020\/07\/tamaris_neum23-100x100.jpg 100w\" sizes=\"(max-width: 150px) 100vw, 150px\" \/><\/a>\n\t\t\t<\/div><\/figure><figure class='gallery-item'>\n\t\t\t<div class='gallery-icon landscape'>\n\t\t\t\t<a href='https:\/\/hotel-porat.ba\/wp-content\/uploads\/2020\/07\/tamaris_neum24.jpg'><img loading=\"lazy\" decoding=\"async\" width=\"150\" height=\"150\" src=\"https:\/\/hotel-porat.ba\/wp-content\/uploads\/2020\/07\/tamaris_neum24-150x150.jpg\" class=\"attachment-thumbnail size-thumbnail\" alt=\"\" srcset=\"https:\/\/hotel-porat.ba\/wp-content\/uploads\/2020\/07\/tamaris_neum24-150x150.jpg 150w, https:\/\/hotel-porat.ba\/wp-content\/uploads\/2020\/07\/tamaris_neum24-100x100.jpg 100w\" sizes=\"(max-width: 150px) 100vw, 150px\" \/><\/a>\n\t\t\t<\/div><\/figure><figure class='gallery-item'>\n\t\t\t<div class='gallery-icon landscape'>\n\t\t\t\t<a href='https:\/\/hotel-porat.ba\/wp-content\/uploads\/2020\/07\/tamaris_neum25.jpg'><img loading=\"lazy\" decoding=\"async\" width=\"150\" height=\"150\" src=\"https:\/\/hotel-porat.ba\/wp-content\/uploads\/2020\/07\/tamaris_neum25-150x150.jpg\" class=\"attachment-thumbnail size-thumbnail\" alt=\"\" srcset=\"https:\/\/hotel-porat.ba\/wp-content\/uploads\/2020\/07\/tamaris_neum25-150x150.jpg 150w, https:\/\/hotel-porat.ba\/wp-content\/uploads\/2020\/07\/tamaris_neum25-100x100.jpg 100w\" sizes=\"(max-width: 150px) 100vw, 150px\" \/><\/a>\n\t\t\t<\/div><\/figure>\n\t\t<\/div>\n\t\t\t\t\t\t<\/div>\n\t\t\t\t<\/div>\n\t\t\t\t\t<\/div>\n\t\t<\/div>\n\t\t\t\t\t<\/div>\n\t\t<\/section>\n\t\t\t\t<\/div>\n\t\t","protected":false},"excerpt":{"rendered":"<p>Na\u0161im gostima nudimo smje\u0161taj i u na\u0161im apartmanima &#8220;Tamaris&#8221;,\u00a0 koji se nalazi na manje od 1 km od pla\u017ee Neum u Neumu, a nudi smje\u0161taj s prostorom za sjedenje i besplatni WiFi.\u2026 Jutro okupano sun\u010danim zrakama, mirisi mediteranskog bilja, te miris i \u0161um mora \u2013 san je koji se ostvaruje[&#8230;]<\/p>\n","protected":false},"author":1,"featured_media":1959,"parent":0,"menu_order":0,"comment_status":"closed","ping_status":"closed","template":"","meta":{"footnotes":""},"class_list":["post-1773","page","type-page","status-publish","has-post-thumbnail","hentry"],"_links":{"self":[{"href":"https:\/\/hotel-porat.ba\/index.php\/wp-json\/wp\/v2\/pages\/1773","targetHints":{"allow":["GET"]}}],"collection":[{"href":"https:\/\/hotel-porat.ba\/index.php\/wp-json\/wp\/v2\/pages"}],"about":[{"href":"https:\/\/hotel-porat.ba\/index.php\/wp-json\/wp\/v2\/types\/page"}],"author":[{"embeddable":true,"href":"https:\/\/hotel-porat.ba\/index.php\/wp-json\/wp\/v2\/users\/1"}],"replies":[{"embeddable":true,"href":"https:\/\/hotel-porat.ba\/index.php\/wp-json\/wp\/v2\/comments?post=1773"}],"version-history":[{"count":7,"href":"https:\/\/hotel-porat.ba\/index.php\/wp-json\/wp\/v2\/pages\/1773\/revisions"}],"predecessor-version":[{"id":1979,"href":"https:\/\/hotel-porat.ba\/index.php\/wp-json\/wp\/v2\/pages\/1773\/revisions\/1979"}],"wp:featuredmedia":[{"embeddable":true,"href":"https:\/\/hotel-porat.ba\/index.php\/wp-json\/wp\/v2\/media\/1959"}],"wp:attachment":[{"href":"https:\/\/hotel-porat.ba\/index.php\/wp-json\/wp\/v2\/media?parent=1773"}],"curies":[{"name":"wp","href":"https:\/\/api.w.org\/{rel}","templated":true}]}}